{"id":306,"date":"2020-10-03T07:29:56","date_gmt":"2020-10-03T07:29:56","guid":{"rendered":"https:\/\/ubb.in\/borne\/fr\/?page_id=306"},"modified":"2026-01-13T15:42:51","modified_gmt":"2026-01-13T15:42:51","slug":"terminal-genereux","status":"publish","type":"page","link":"https:\/\/borne.heoh.net\/fr\/produits\/terminal-genereux\/","title":{"rendered":"Terminal G\u00e9n\u00e9reux"},"content":{"rendered":"\t<section class=\"section\" id=\"section_999884195\">\n\t\t<div class=\"bg section-bg fill bg-fill  bg-loaded\" >\n\n\t\t\t\n\t\t\t\n\t\t\t\n\n\t\t<\/div>\n\n\t\t\n\n\t\t<div class=\"section-content relative\">\n\t\t\t\n\n  <div class=\"banner has-hover has-parallax\" id=\"banner-523101483\">\n          <div class=\"banner-inner fill\">\n        <div class=\"banner-bg fill\" data-parallax=\"-4\" data-parallax-container=\".banner\" data-parallax-background>\n            <div class=\"bg fill bg-fill \"><\/div>\n                                    \n                    <\/div>\n\t\t\n        <div class=\"banner-layers container\">\n            <div class=\"fill banner-link\"><\/div>            \n        <\/div>\n      <\/div>\n\n            \n<style>\n#banner-523101483 {\n  padding-top: 20%;\n}\n#banner-523101483 .bg.bg-loaded {\n  background-image: url(https:\/\/borne.heoh.net\/fr\/wp-content\/uploads\/sites\/3\/2020\/10\/banner-how-it-work-1024x400.jpg);\n}\n#banner-523101483 .ux-shape-divider--top svg {\n  height: 150px;\n  --divider-top-width: 100%;\n}\n#banner-523101483 .ux-shape-divider--bottom svg {\n  height: 150px;\n  --divider-width: 100%;\n}\n<\/style>\n  <\/div>\n\n\n\t\t<\/div>\n\n\t\t\n<style>\n#section_999884195 {\n  padding-top: 0px;\n  padding-bottom: 0px;\n}\n#section_999884195 .ux-shape-divider--top svg {\n  height: 150px;\n  --divider-top-width: 100%;\n}\n#section_999884195 .ux-shape-divider--bottom svg {\n  height: 150px;\n  --divider-width: 100%;\n}\n<\/style>\n\t<\/section>\n\t\n\t<section class=\"section\" id=\"section_901461874\">\n\t\t<div class=\"bg section-bg fill bg-fill  bg-loaded\" >\n\n\t\t\t\n\t\t\t\n\t\t\t\n\n\t\t<\/div>\n\n\t\t\n\n\t\t<div class=\"section-content relative\">\n\t\t\t\n<div class=\"row\"  id=\"row-1407763877\">\n\n\t<div id=\"col-2028046243\" class=\"col small-12 large-12\"  >\n\t\t\t\t<div class=\"col-inner\"  >\n\t\t\t\n\t\t\t\n<div class=\"container section-title-container hidden\" ><h3 class=\"section-title section-title-normal\"><b><\/b><span class=\"section-title-main\" >Marketing g\u00e9n\u00e9reux ; Financement innovant ; Don rapide ; Petit don ; Donner facilement \u00e0 une association ; Don facile ; Open payment ; Don innovant ; Don digital ; Panier de qu\u00eate digital ; Bornes de dons ; Faire un don ; Financement d'une association ; Tra\u00e7abilit\u00e9 des dons ; Gestion des dons ; Associations ; M\u00e9c\u00e9nat ; Don s\u00e9curis\u00e9 ; Collecte de dons s\u00e9curis\u00e9s ; Solutions de collecte dons ; Collecte de dons ; Faire un don<\/span><b><\/b><\/h3><\/div>\n<h2 class=\"uppercase\" style=\"text-align: center;\"><span data-text-color=\"primary\">Terminal G\u00e9n\u00e9reux<br \/>\n<\/span><\/h2>\n\t\t<\/div>\n\t\t\t\t\t<\/div>\n\n\t\n<\/div>\n<div class=\"row\"  id=\"row-498916633\">\n\n\t<div id=\"col-1616053615\" class=\"col medium-6 small-12 large-6\"  >\n\t\t\t\t<div class=\"col-inner text-center\"  >\n\t\t\t\n\t\t\t\n\t<div class=\"img has-hover x md-x lg-x y md-y lg-y\" id=\"image_257890119\">\n\t\t\t\t\t\t\t\t<div class=\"img-inner image-zoom dark\" >\n\t\t\t<img loading=\"lazy\" decoding=\"async\" width=\"625\" height=\"1002\" src=\"https:\/\/borne.heoh.net\/fr\/wp-content\/uploads\/sites\/3\/2025\/12\/HeoH-Terminal-genereux.jpg\" class=\"attachment-large size-large\" alt=\"\" srcset=\"https:\/\/borne.heoh.net\/fr\/wp-content\/uploads\/sites\/3\/2025\/12\/HeoH-Terminal-genereux.jpg 625w, https:\/\/borne.heoh.net\/fr\/wp-content\/uploads\/sites\/3\/2025\/12\/HeoH-Terminal-genereux-187x300.jpg 187w\" sizes=\"auto, (max-width: 625px) 100vw, 625px\" \/>\t\t\t\t\t\t\n\t\t\t\t\t<\/div>\n\t\t\t\t\t\t\t\t\n<style>\n#image_257890119 {\n  width: 57%;\n}\n<\/style>\n\t<\/div>\n\t\n\t\t<\/div>\n\t\t\t\t\t<\/div>\n\n\t\n\n\t<div id=\"col-1538989263\" class=\"col medium-6 small-12 large-6\"  >\n\t\t\t\t<div class=\"col-inner text-left\"  >\n\t\t\t\n\t\t\t\n<p>Les b\u00e9n\u00e9voles pourront collecter des dons dans la rue, lors d\u2019\u00e9v\u00e8nements, sur un support sous surveillance\u2026<\/p>\n<p>\u00a0<\/p>\n<p>Le Terminal G\u00e9n\u00e9reux est mobile. Choix de la cause \u00e0 soutenir, du montant du don, et d&rsquo;entrer ses coordonn\u00e9es pour obtenir un re\u00e7u fiscal.<\/p>\n<p>\u00a0<\/p>\n<p>Le terminal g\u00e9n\u00e9reux offre la possibilit\u00e9 de payer en sans contact, ou avec contr\u00f4le du code. <b>Ce terminal peut cr\u00e9diter plusieurs comptes diff\u00e9rents.<\/b><\/p>\n\t\t<\/div>\n\t\t\t\t\n<style>\n#col-1538989263 > .col-inner {\n  margin: 50px 0px 0px 0px;\n}\n<\/style>\n\t<\/div>\n\n\t\n<\/div>\n\t\t<\/div>\n\n\t\t\n<style>\n#section_901461874 {\n  padding-top: 30px;\n  padding-bottom: 30px;\n}\n#section_901461874 .ux-shape-divider--top svg {\n  height: 150px;\n  --divider-top-width: 100%;\n}\n#section_901461874 .ux-shape-divider--bottom svg {\n  height: 150px;\n  --divider-width: 100%;\n}\n<\/style>\n\t<\/section>\n\t\n\t<section class=\"section\" id=\"section_232008514\">\n\t\t<div class=\"bg section-bg fill bg-fill  bg-loaded\" >\n\n\t\t\t\n\t\t\t\n\t\t\t\n\n\t\t<\/div>\n\n\t\t\n\n\t\t<div class=\"section-content relative\">\n\t\t\t\n<div class=\"row\"  id=\"row-604494836\">\n\n\t<div id=\"col-2134047485\" class=\"col medium-6 small-12 large-6\"  >\n\t\t\t\t<div class=\"col-inner\"  >\n\t\t\t\n\t\t\t\n<h2 class=\"\">Modalit\u00e9 de paiement :<\/h2>\n<div class=\"arrow-bullet\">\n<ul>\n<li>Paiement sans contact pour moins de 50\u20ac<\/li>\n<li>Paiement avec contr\u00f4le de code sup\u00e9rieur \u00e0 50\u20ac<\/li>\n<li>Impression d&rsquo;un ticket client instantan\u00e9<\/li>\n<li>Envoi d&rsquo;un ticket client via son adresse e-mail<\/li>\n<li>Envoi d&rsquo;un ticket manuscrit<\/li>\n<li>Impression d&rsquo;un ticket marchand instantan\u00e9<\/li>\n<\/ul>\n<\/div>\n<h2 class=\"\">Option de don :<\/h2>\n<div class=\"arrow-bullet\">\n<ul>\n<li>Il est possible de proposer une ou plusieurs associations \/ projets<\/li>\n<li>Montants pr\u00e9d\u00e9finis ou gratuits<\/li>\n<li>Paiement sans contact pour un don inf\u00e9rieur \u00e0 50\u20ac<\/li>\n<li>Paiement avec contr\u00f4le par code pour un don sup\u00e9rieur \u00e0 50\u20ac<\/li>\n<li>Impression d&rsquo;un ticket donateur instantan\u00e9<\/li>\n<li>Envoi du ticket donateur directement via son adresse e-mail<\/li>\n<\/ul>\n<\/div>\n\t\t<\/div>\n\t\t\t\t\t<\/div>\n\n\t\n\n\t<div id=\"col-2030260137\" class=\"col medium-6 small-12 large-6\"  >\n\t\t\t\t<div class=\"col-inner\"  >\n\t\t\t\n\t\t\t\n\t<div class=\"img has-hover x md-x lg-x y md-y lg-y\" id=\"image_1092746030\">\n\t\t\t\t\t\t\t\t<div class=\"img-inner image-zoom dark\" >\n\t\t\t<img loading=\"lazy\" decoding=\"async\" width=\"710\" height=\"763\" src=\"https:\/\/borne.heoh.net\/fr\/wp-content\/uploads\/sites\/3\/2025\/12\/HeoH-terminal-genereux-deux-applications-ter.jpg\" class=\"attachment-large size-large\" alt=\"\" srcset=\"https:\/\/borne.heoh.net\/fr\/wp-content\/uploads\/sites\/3\/2025\/12\/HeoH-terminal-genereux-deux-applications-ter.jpg 710w, https:\/\/borne.heoh.net\/fr\/wp-content\/uploads\/sites\/3\/2025\/12\/HeoH-terminal-genereux-deux-applications-ter-279x300.jpg 279w\" sizes=\"auto, (max-width: 710px) 100vw, 710px\" \/>\t\t\t\t\t\t\n\t\t\t\t\t<\/div>\n\t\t\t\t\t\t\t\t\n<style>\n#image_1092746030 {\n  width: 100%;\n}\n<\/style>\n\t<\/div>\n\t\n\t\t<\/div>\n\t\t\t\t\t<\/div>\n\n\t\n<\/div>\n\t\t<\/div>\n\n\t\t\n<style>\n#section_232008514 {\n  padding-top: 30px;\n  padding-bottom: 30px;\n  background-color: rgb(246, 246, 246);\n}\n#section_232008514 .ux-shape-divider--top svg {\n  height: 150px;\n  --divider-top-width: 100%;\n}\n#section_232008514 .ux-shape-divider--bottom svg {\n  height: 150px;\n  --divider-width: 100%;\n}\n<\/style>\n\t<\/section>\n\t\n\t<section class=\"section\" id=\"section_1491509559\">\n\t\t<div class=\"bg section-bg fill bg-fill  bg-loaded\" >\n\n\t\t\t\n\t\t\t\n\t\t\t\n\n\t\t<\/div>\n\n\t\t\n\n\t\t<div class=\"section-content relative\">\n\t\t\t\n<div class=\"row\"  id=\"row-311535072\">\n\n\t<div id=\"col-628508698\" class=\"col medium-6 small-12 large-6 col-hover-focus\"  >\n\t\t\t\t<div class=\"col-inner\"  >\n\t\t\t\n\t\t\t\n\t<div class=\"img has-hover x md-x lg-x y md-y lg-y\" id=\"image_2040668022\">\n\t\t\t\t\t\t\t\t<div class=\"img-inner image-zoom dark\" >\n\t\t\t<img loading=\"lazy\" decoding=\"async\" width=\"800\" height=\"800\" src=\"https:\/\/borne.heoh.net\/fr\/wp-content\/uploads\/sites\/3\/2020\/10\/0n1.jpg\" class=\"attachment-large size-large\" alt=\"Marketing g\u00e9n\u00e9reux ; Financement innovant ; Don rapide ; Petit don ; Donner facilement \u00e0 une association ; Don facile ; Open payment ; Don innovant ; Don digital ; Panier de qu\u00eate digital ; Bornes de dons ; Faire un don ; Financement d&#039;une association ; Tra\u00e7abilit\u00e9 des dons ; Gestion des dons ; Associations ; M\u00e9c\u00e9nat ; Don s\u00e9curis\u00e9 ; Collecte de dons s\u00e9curis\u00e9s ; Solutions de collecte dons ; Collecte de dons ; Faire un don\" srcset=\"https:\/\/borne.heoh.net\/fr\/wp-content\/uploads\/sites\/3\/2020\/10\/0n1.jpg 800w, https:\/\/borne.heoh.net\/fr\/wp-content\/uploads\/sites\/3\/2020\/10\/0n1-300x300.jpg 300w, https:\/\/borne.heoh.net\/fr\/wp-content\/uploads\/sites\/3\/2020\/10\/0n1-150x150.jpg 150w, https:\/\/borne.heoh.net\/fr\/wp-content\/uploads\/sites\/3\/2020\/10\/0n1-768x768.jpg 768w\" sizes=\"auto, (max-width: 800px) 100vw, 800px\" \/>\t\t\t\t\t\t\n\t\t\t\t\t<\/div>\n\t\t\t\t\t\t\t\t\n<style>\n#image_2040668022 {\n  width: 100%;\n}\n<\/style>\n\t<\/div>\n\t\n<h3 style=\"text-align: center;\">Couvercle de protection<\/h3>\n\t\t<\/div>\n\t\t\t\t\t<\/div>\n\n\t\n\n\t<div id=\"col-419763328\" class=\"col medium-6 small-12 large-6\"  >\n\t\t\t\t<div class=\"col-inner\"  >\n\t\t\t\n\t\t\t\n\t<div class=\"img has-hover x md-x lg-x y md-y lg-y\" id=\"image_1775446374\">\n\t\t\t\t\t\t\t\t<div class=\"img-inner image-zoom dark\" >\n\t\t\t<img loading=\"lazy\" decoding=\"async\" width=\"800\" height=\"800\" src=\"https:\/\/borne.heoh.net\/fr\/wp-content\/uploads\/sites\/3\/2020\/10\/0n3.jpg\" class=\"attachment-large size-large\" alt=\"Marketing g\u00e9n\u00e9reux ; Financement innovant ; Don rapide ; Petit don ; Donner facilement \u00e0 une association ; Don facile ; Open payment ; Don innovant ; Don digital ; Panier de qu\u00eate digital ; Bornes de dons ; Faire un don ; Financement d&#039;une association ; Tra\u00e7abilit\u00e9 des dons ; Gestion des dons ; Associations ; M\u00e9c\u00e9nat ; Don s\u00e9curis\u00e9 ; Collecte de dons s\u00e9curis\u00e9s ; Solutions de collecte dons ; Collecte de dons ; Faire un don\" srcset=\"https:\/\/borne.heoh.net\/fr\/wp-content\/uploads\/sites\/3\/2020\/10\/0n3.jpg 800w, https:\/\/borne.heoh.net\/fr\/wp-content\/uploads\/sites\/3\/2020\/10\/0n3-300x300.jpg 300w, https:\/\/borne.heoh.net\/fr\/wp-content\/uploads\/sites\/3\/2020\/10\/0n3-150x150.jpg 150w, https:\/\/borne.heoh.net\/fr\/wp-content\/uploads\/sites\/3\/2020\/10\/0n3-768x768.jpg 768w\" sizes=\"auto, (max-width: 800px) 100vw, 800px\" \/>\t\t\t\t\t\t\n\t\t\t\t\t<\/div>\n\t\t\t\t\t\t\t\t\n<style>\n#image_1775446374 {\n  width: 100%;\n}\n<\/style>\n\t<\/div>\n\t\n<h3 style=\"text-align: center;\">Le support de table<\/h3>\n\t\t<\/div>\n\t\t\t\t\t<\/div>\n\n\t\n<\/div>\n\t\t<\/div>\n\n\t\t\n<style>\n#section_1491509559 {\n  padding-top: 30px;\n  padding-bottom: 30px;\n  background-color: rgb(255, 255, 255);\n}\n#section_1491509559 .ux-shape-divider--top svg {\n  height: 150px;\n  --divider-top-width: 100%;\n}\n#section_1491509559 .ux-shape-divider--bottom svg {\n  height: 150px;\n  --divider-width: 100%;\n}\n<\/style>\n\t<\/section>\n\t\n<div class=\"container section-title-container\" ><h3 class=\"section-title section-title-center\"><b><\/b><span class=\"section-title-main\" >Prix<\/span><b><\/b><\/h3><\/div>\n\t<section class=\"section\" id=\"section_1844969021\">\n\t\t<div class=\"bg section-bg fill bg-fill  bg-loaded\" >\n\n\t\t\t\n\t\t\t\n\t\t\t\n\n\t\t<\/div>\n\n\t\t\n\n\t\t<div class=\"section-content relative\">\n\t\t\t\n<div class=\"row\"  id=\"row-1486613558\">\n\n\t<div id=\"col-821529497\" class=\"col medium-3 small-12 large-3\"  >\n\t\t\t\t<div class=\"col-inner\"  >\n\t\t\t\n\t\t\t\n\t\t<\/div>\n\t\t\t\t\t<\/div>\n\n\t\n\n\t<div id=\"col-1324618029\" class=\"col medium-6 small-12 large-6\"  >\n\t\t\t\t<div class=\"col-inner\"  >\n\t\t\t\n\t\t\t\n\t<div class=\"img has-hover x md-x lg-x y md-y lg-y\" id=\"image_717485494\">\n\t\t\t\t\t\t\t\t<div class=\"img-inner dark\" >\n\t\t\t<img loading=\"lazy\" decoding=\"async\" width=\"1020\" height=\"652\" src=\"https:\/\/borne.heoh.net\/fr\/wp-content\/uploads\/sites\/3\/2026\/01\/HeoH-Prix-terminal-genereux-1024x655.png\" class=\"attachment-large size-large\" alt=\"\" srcset=\"https:\/\/borne.heoh.net\/fr\/wp-content\/uploads\/sites\/3\/2026\/01\/HeoH-Prix-terminal-genereux-1024x655.png 1024w, https:\/\/borne.heoh.net\/fr\/wp-content\/uploads\/sites\/3\/2026\/01\/HeoH-Prix-terminal-genereux-300x192.png 300w, https:\/\/borne.heoh.net\/fr\/wp-content\/uploads\/sites\/3\/2026\/01\/HeoH-Prix-terminal-genereux-768x491.png 768w, https:\/\/borne.heoh.net\/fr\/wp-content\/uploads\/sites\/3\/2026\/01\/HeoH-Prix-terminal-genereux-1536x982.png 1536w, https:\/\/borne.heoh.net\/fr\/wp-content\/uploads\/sites\/3\/2026\/01\/HeoH-Prix-terminal-genereux-2048x1310.png 2048w\" sizes=\"auto, (max-width: 1020px) 100vw, 1020px\" \/>\t\t\t\t\t\t\n\t\t\t\t\t<\/div>\n\t\t\t\t\t\t\t\t\n<style>\n#image_717485494 {\n  width: 100%;\n}\n<\/style>\n\t<\/div>\n\t\n\t\t<\/div>\n\t\t\t\t\t<\/div>\n\n\t\n\n\t<div id=\"col-776610489\" class=\"col medium-3 small-12 large-3\"  >\n\t\t\t\t<div class=\"col-inner\"  >\n\t\t\t\n\t\t\t\n\t\t<\/div>\n\t\t\t\t\t<\/div>\n\n\t\n<\/div>\n<p style=\"text-align: center;\"><span style=\"font-size: 110%; color: #4a5473;\"><strong>*sur une p\u00e9riode de 5 ans et \u00e0 la fin des 60 mensualit\u00e9s, vous pouvez devenir propri\u00e9taire du mat\u00e9riel.<\/strong><\/span><\/p>\n<p style=\"text-align: center;\"><span style=\"font-size: 110%; color: #4a5473;\"><strong>Si vous faites partie d\u2019un lieu de culte,<\/strong><\/span><span style=\"font-size: 110%; color: #4a5473;\"><strong> merci de contacter l\u2019\u00e9quipe de HeoH afin de recevoir une tarification particularis\u00e9e.\u00a0 \u00a0\u00a0<\/strong><\/span><\/p>\n<div class=\"row\"  id=\"row-1225085490\">\n\n\t<div id=\"col-1487406430\" class=\"col medium-2 small-12 large-2\"  >\n\t\t\t\t<div class=\"col-inner\"  >\n\t\t\t\n\t\t\t\n\t\t<\/div>\n\t\t\t\t\t<\/div>\n\n\t\n\n\t<div id=\"col-1419999650\" class=\"col medium-3 small-12 large-3\"  >\n\t\t\t\t<div class=\"col-inner\"  >\n\t\t\t\n\t\t\t\n\t\t<\/div>\n\t\t\t\t\t<\/div>\n\n\t\n\n\t<div id=\"col-1965624475\" class=\"col medium-4 small-12 large-4\"  >\n\t\t\t\t<div class=\"col-inner\"  >\n\t\t\t\n\t\t\t\n<a href=\"#home-form\" target=\"_self\" class=\"button secondary is-outline\"  style=\"border-radius:99px;\">\n    <span>Contacter Heoh !<\/span>\n  <\/a>\n\n\t\t<\/div>\n\t\t\t\t\t<\/div>\n\n\t\n\n\t<div id=\"col-1391598618\" class=\"col medium-2 small-12 large-2\"  >\n\t\t\t\t<div class=\"col-inner\"  >\n\t\t\t\n\t\t\t\n\t\t<\/div>\n\t\t\t\t\t<\/div>\n\n\t\n<\/div>\n\t\t<\/div>\n\n\t\t\n<style>\n#section_1844969021 {\n  padding-top: 30px;\n  padding-bottom: 30px;\n  background-color: rgb(255, 255, 255);\n}\n#section_1844969021 .ux-shape-divider--top svg {\n  height: 150px;\n  --divider-top-width: 100%;\n}\n#section_1844969021 .ux-shape-divider--bottom svg {\n  height: 150px;\n  --divider-width: 100%;\n}\n<\/style>\n\t<\/section>\n\t\n","protected":false},"excerpt":{"rendered":"","protected":false},"author":1,"featured_media":0,"parent":10,"menu_order":0,"comment_status":"closed","ping_status":"closed","template":"page-blank.php","meta":{"footnotes":""},"class_list":["post-306","page","type-page","status-publish","hentry"],"yoast_head":"<!-- This site is optimized with the Yoast SEO plugin v21.7 - https:\/\/yoast.com\/wordpress\/plugins\/seo\/ -->\n<title>Terminal G\u00e9n\u00e9reux - Borne - French<\/title>\n<meta name=\"robots\" content=\"index, follow, max-snippet:-1, max-image-preview:large, max-video-preview:-1\" \/>\n<link rel=\"canonical\" href=\"https:\/\/borne.heoh.net\/fr\/produits\/terminal-genereux\/\" \/>\n<meta property=\"og:locale\" content=\"fr_FR\" \/>\n<meta property=\"og:type\" content=\"article\" \/>\n<meta property=\"og:title\" content=\"Terminal G\u00e9n\u00e9reux - Borne - French\" \/>\n<meta property=\"og:url\" content=\"https:\/\/borne.heoh.net\/fr\/produits\/terminal-genereux\/\" \/>\n<meta property=\"og:site_name\" content=\"Borne - French\" \/>\n<meta property=\"article:modified_time\" content=\"2026-01-13T15:42:51+00:00\" \/>\n<meta name=\"twitter:card\" content=\"summary_large_image\" \/>\n<meta name=\"twitter:label1\" content=\"Dur\u00e9e de lecture estim\u00e9e\" \/>\n\t<meta name=\"twitter:data1\" content=\"2 minutes\" \/>\n<script type=\"application\/ld+json\" class=\"yoast-schema-graph\">{\"@context\":\"https:\/\/schema.org\",\"@graph\":[{\"@type\":\"WebPage\",\"@id\":\"https:\/\/borne.heoh.net\/fr\/produits\/terminal-genereux\/\",\"url\":\"https:\/\/borne.heoh.net\/fr\/produits\/terminal-genereux\/\",\"name\":\"Terminal G\u00e9n\u00e9reux - Borne - French\",\"isPartOf\":{\"@id\":\"https:\/\/borne.heoh.net\/fr\/#website\"},\"datePublished\":\"2020-10-03T07:29:56+00:00\",\"dateModified\":\"2026-01-13T15:42:51+00:00\",\"breadcrumb\":{\"@id\":\"https:\/\/borne.heoh.net\/fr\/produits\/terminal-genereux\/#breadcrumb\"},\"inLanguage\":\"fr-FR\",\"potentialAction\":[{\"@type\":\"ReadAction\",\"target\":[\"https:\/\/borne.heoh.net\/fr\/produits\/terminal-genereux\/\"]}]},{\"@type\":\"BreadcrumbList\",\"@id\":\"https:\/\/borne.heoh.net\/fr\/produits\/terminal-genereux\/#breadcrumb\",\"itemListElement\":[{\"@type\":\"ListItem\",\"position\":1,\"name\":\"Home\",\"item\":\"https:\/\/borne.heoh.net\/fr\/\"},{\"@type\":\"ListItem\",\"position\":2,\"name\":\"Produits\",\"item\":\"https:\/\/borne.heoh.net\/fr\/produits\/\"},{\"@type\":\"ListItem\",\"position\":3,\"name\":\"Terminal G\u00e9n\u00e9reux\"}]},{\"@type\":\"WebSite\",\"@id\":\"https:\/\/borne.heoh.net\/fr\/#website\",\"url\":\"https:\/\/borne.heoh.net\/fr\/\",\"name\":\"Borne - French\",\"description\":\"Just another Borne Sites site\",\"potentialAction\":[{\"@type\":\"SearchAction\",\"target\":{\"@type\":\"EntryPoint\",\"urlTemplate\":\"https:\/\/borne.heoh.net\/fr\/?s={search_term_string}\"},\"query-input\":\"required name=search_term_string\"}],\"inLanguage\":\"fr-FR\"}]}<\/script>\n<!-- \/ Yoast SEO plugin. -->","yoast_head_json":{"title":"Terminal G\u00e9n\u00e9reux - Borne - French","robots":{"index":"index","follow":"follow","max-snippet":"max-snippet:-1","max-image-preview":"max-image-preview:large","max-video-preview":"max-video-preview:-1"},"canonical":"https:\/\/borne.heoh.net\/fr\/produits\/terminal-genereux\/","og_locale":"fr_FR","og_type":"article","og_title":"Terminal G\u00e9n\u00e9reux - Borne - French","og_url":"https:\/\/borne.heoh.net\/fr\/produits\/terminal-genereux\/","og_site_name":"Borne - French","article_modified_time":"2026-01-13T15:42:51+00:00","twitter_card":"summary_large_image","twitter_misc":{"Dur\u00e9e de lecture estim\u00e9e":"2 minutes"},"schema":{"@context":"https:\/\/schema.org","@graph":[{"@type":"WebPage","@id":"https:\/\/borne.heoh.net\/fr\/produits\/terminal-genereux\/","url":"https:\/\/borne.heoh.net\/fr\/produits\/terminal-genereux\/","name":"Terminal G\u00e9n\u00e9reux - Borne - French","isPartOf":{"@id":"https:\/\/borne.heoh.net\/fr\/#website"},"datePublished":"2020-10-03T07:29:56+00:00","dateModified":"2026-01-13T15:42:51+00:00","breadcrumb":{"@id":"https:\/\/borne.heoh.net\/fr\/produits\/terminal-genereux\/#breadcrumb"},"inLanguage":"fr-FR","potentialAction":[{"@type":"ReadAction","target":["https:\/\/borne.heoh.net\/fr\/produits\/terminal-genereux\/"]}]},{"@type":"BreadcrumbList","@id":"https:\/\/borne.heoh.net\/fr\/produits\/terminal-genereux\/#breadcrumb","itemListElement":[{"@type":"ListItem","position":1,"name":"Home","item":"https:\/\/borne.heoh.net\/fr\/"},{"@type":"ListItem","position":2,"name":"Produits","item":"https:\/\/borne.heoh.net\/fr\/produits\/"},{"@type":"ListItem","position":3,"name":"Terminal G\u00e9n\u00e9reux"}]},{"@type":"WebSite","@id":"https:\/\/borne.heoh.net\/fr\/#website","url":"https:\/\/borne.heoh.net\/fr\/","name":"Borne - French","description":"Just another Borne Sites site","potentialAction":[{"@type":"SearchAction","target":{"@type":"EntryPoint","urlTemplate":"https:\/\/borne.heoh.net\/fr\/?s={search_term_string}"},"query-input":"required name=search_term_string"}],"inLanguage":"fr-FR"}]}},"_links":{"self":[{"href":"https:\/\/borne.heoh.net\/fr\/wp-json\/wp\/v2\/pages\/306","targetHints":{"allow":["GET"]}}],"collection":[{"href":"https:\/\/borne.heoh.net\/fr\/wp-json\/wp\/v2\/pages"}],"about":[{"href":"https:\/\/borne.heoh.net\/fr\/wp-json\/wp\/v2\/types\/page"}],"author":[{"embeddable":true,"href":"https:\/\/borne.heoh.net\/fr\/wp-json\/wp\/v2\/users\/1"}],"replies":[{"embeddable":true,"href":"https:\/\/borne.heoh.net\/fr\/wp-json\/wp\/v2\/comments?post=306"}],"version-history":[{"count":0,"href":"https:\/\/borne.heoh.net\/fr\/wp-json\/wp\/v2\/pages\/306\/revisions"}],"up":[{"embeddable":true,"href":"https:\/\/borne.heoh.net\/fr\/wp-json\/wp\/v2\/pages\/10"}],"wp:attachment":[{"href":"https:\/\/borne.heoh.net\/fr\/wp-json\/wp\/v2\/media?parent=306"}],"curies":[{"name":"wp","href":"https:\/\/api.w.org\/{rel}","templated":true}]}}