{"id":304,"date":"2020-10-03T07:29:25","date_gmt":"2020-10-03T07:29:25","guid":{"rendered":"https:\/\/ubb.in\/borne\/fr\/?page_id=304"},"modified":"2026-01-13T15:42:37","modified_gmt":"2026-01-13T15:42:37","slug":"petite-borne","status":"publish","type":"page","link":"https:\/\/borne.heoh.net\/fr\/produits\/petite-borne\/","title":{"rendered":"Petite borne"},"content":{"rendered":"\t<section class=\"section\" id=\"section_1978055322\">\n\t\t<div class=\"bg section-bg fill bg-fill  bg-loaded\" >\n\n\t\t\t\n\t\t\t\n\t\t\t\n\n\t\t<\/div>\n\n\t\t\n\n\t\t<div class=\"section-content relative\">\n\t\t\t\n\n  <div class=\"banner has-hover has-parallax\" id=\"banner-2131498867\">\n          <div class=\"banner-inner fill\">\n        <div class=\"banner-bg fill\" data-parallax=\"-4\" data-parallax-container=\".banner\" data-parallax-background>\n            <div class=\"bg fill bg-fill \"><\/div>\n                                    \n                    <\/div>\n\t\t\n        <div class=\"banner-layers container\">\n            <div class=\"fill banner-link\"><\/div>            \n        <\/div>\n      <\/div>\n\n            \n<style>\n#banner-2131498867 {\n  padding-top: 20%;\n}\n#banner-2131498867 .bg.bg-loaded {\n  background-image: url(https:\/\/borne.heoh.net\/fr\/wp-content\/uploads\/sites\/3\/2020\/10\/banner-how-it-work-1024x400.jpg);\n}\n#banner-2131498867 .ux-shape-divider--top svg {\n  height: 150px;\n  --divider-top-width: 100%;\n}\n#banner-2131498867 .ux-shape-divider--bottom svg {\n  height: 150px;\n  --divider-width: 100%;\n}\n<\/style>\n  <\/div>\n\n\n\t\t<\/div>\n\n\t\t\n<style>\n#section_1978055322 {\n  padding-top: 0px;\n  padding-bottom: 0px;\n}\n#section_1978055322 .ux-shape-divider--top svg {\n  height: 150px;\n  --divider-top-width: 100%;\n}\n#section_1978055322 .ux-shape-divider--bottom svg {\n  height: 150px;\n  --divider-width: 100%;\n}\n<\/style>\n\t<\/section>\n\t\n\t<section class=\"section\" id=\"section_429039715\">\n\t\t<div class=\"bg section-bg fill bg-fill  bg-loaded\" >\n\n\t\t\t\n\t\t\t\n\t\t\t\n\n\t\t<\/div>\n\n\t\t\n\n\t\t<div class=\"section-content relative\">\n\t\t\t\n<div class=\"row\"  id=\"row-1764230416\">\n\n\t<div id=\"col-2130336649\" class=\"col small-12 large-12\"  >\n\t\t\t\t<div class=\"col-inner\"  >\n\t\t\t\n\t\t\t\n<h2 class=\"uppercase\" style=\"text-align: center;\"><span data-text-color=\"primary\">Petite borne<br \/>\n<\/span><\/h2>\n\t\t<\/div>\n\t\t\t\t\t<\/div>\n\n\t\n\n\t<div id=\"col-876053692\" class=\"col small-12 large-12\"  >\n\t\t\t\t<div class=\"col-inner\"  >\n\t\t\t\n\t\t\t\n<div class=\"container section-title-container hidden\" ><h3 class=\"section-title section-title-normal\"><b><\/b><span class=\"section-title-main\" >Marketing g\u00e9n\u00e9reux ; Financement innovant ; Don rapide ; Petit don ; Donner facilement \u00e0 une association ; Don facile ; Open payment ; Don innovant ; Don digital ; Panier de qu\u00eate digital ; Bornes de dons ; Faire un don ; Financement d'une association ; Tra\u00e7abilit\u00e9 des dons ; Gestion des dons ; Associations ; M\u00e9c\u00e9nat ; Don s\u00e9curis\u00e9 ; Collecte de dons s\u00e9curis\u00e9s ; Solutions de collecte dons ; Collecte de dons ; Faire un don<\/span><b><\/b><\/h3><\/div>\n<div class=\"row\"  id=\"row-1845126775\">\n\n\t<div id=\"col-11167435\" class=\"col medium-1 small-12 large-1\"  >\n\t\t\t\t<div class=\"col-inner\"  >\n\t\t\t\n\t\t\t\n\t\t<\/div>\n\t\t\t\t\t<\/div>\n\n\t\n\n\t<div id=\"col-2133819883\" class=\"col medium-4 small-12 large-4\"  >\n\t\t\t\t<div class=\"col-inner\"  >\n\t\t\t\n\t\t\t\n\t<div class=\"img has-hover x md-x lg-x y md-y lg-y\" id=\"image_1751326588\">\n\t\t\t\t\t\t\t\t<div class=\"img-inner dark\" >\n\t\t\t<img loading=\"lazy\" decoding=\"async\" width=\"309\" height=\"245\" src=\"https:\/\/borne.heoh.net\/fr\/wp-content\/uploads\/sites\/3\/2023\/01\/tronc-1.jpg\" class=\"attachment-large size-large\" alt=\"\" srcset=\"https:\/\/borne.heoh.net\/fr\/wp-content\/uploads\/sites\/3\/2023\/01\/tronc-1.jpg 309w, https:\/\/borne.heoh.net\/fr\/wp-content\/uploads\/sites\/3\/2023\/01\/tronc-1-300x238.jpg 300w\" sizes=\"auto, (max-width: 309px) 100vw, 309px\" \/>\t\t\t\t\t\t\n\t\t\t\t\t<\/div>\n\t\t\t\t\t\t\t\t\n<style>\n#image_1751326588 {\n  width: 90%;\n}\n<\/style>\n\t<\/div>\n\t\n\t\t<\/div>\n\t\t\t\t\t<\/div>\n\n\t\n\n\t<div id=\"col-1507164420\" class=\"col petite-borne-col medium-7 small-12 large-7\"  >\n\t\t\t\t<div class=\"col-inner\"  >\n\t\t\t\n\t\t\t\n<div class=\"arrow-bullet\">\n<ul>\n<li>Adapt\u00e9e aux comptoirs \u00e0 bougie dans les lieux de culte, sur un comptoir en magasin\u2026 Elle fonctionne sans surveillance, et peut \u00eatre plac\u00e9e sur un pied, fixation murale ou sur un comptoir.<\/li>\n<li>Id\u00e9ale pour la collecte de dons en int\u00e9rieur, elle est dot\u00e9e d\u2019un \u00e9cran interactif, permettant de choisir la cause, le montant du don, ou encore entrer son email pour obtenir un re\u00e7u fiscal.<\/li>\n<li>La petite borne offre la possibilit\u00e9 de payer en sans contact.<\/li>\n<li>Personnalisable aux couleurs de l&rsquo;association<\/li>\n<\/ul>\n<\/div>\n\t<div class=\"img has-hover hidden x md-x lg-x y md-y lg-y\" id=\"image_312289341\">\n\t\t\t\t\t\t\t\t<div class=\"img-inner dark\" >\n\t\t\t<img loading=\"lazy\" decoding=\"async\" width=\"800\" height=\"800\" src=\"https:\/\/borne.heoh.net\/fr\/wp-content\/uploads\/sites\/3\/2020\/10\/002.jpg\" class=\"attachment-large size-large\" alt=\"Marketing g\u00e9n\u00e9reux ; Financement innovant ; Don rapide ; Petit don ; Donner facilement \u00e0 une association ; Don facile ; Open payment ; Don innovant ; Don digital ; Panier de qu\u00eate digital ; Bornes de dons ; Faire un don ; Financement d&#039;une association ; Tra\u00e7abilit\u00e9 des dons ; Gestion des dons ; Associations ; M\u00e9c\u00e9nat ; Don s\u00e9curis\u00e9 ; Collecte de dons s\u00e9curis\u00e9s ; Solutions de collecte dons ; Collecte de dons ; Faire un don\" srcset=\"https:\/\/borne.heoh.net\/fr\/wp-content\/uploads\/sites\/3\/2020\/10\/002.jpg 800w, https:\/\/borne.heoh.net\/fr\/wp-content\/uploads\/sites\/3\/2020\/10\/002-300x300.jpg 300w, https:\/\/borne.heoh.net\/fr\/wp-content\/uploads\/sites\/3\/2020\/10\/002-150x150.jpg 150w, https:\/\/borne.heoh.net\/fr\/wp-content\/uploads\/sites\/3\/2020\/10\/002-768x768.jpg 768w\" sizes=\"auto, (max-width: 800px) 100vw, 800px\" \/>\t\t\t\t\t\t\n\t\t\t\t\t<\/div>\n\t\t\t\t\t\t\t\t\n<style>\n#image_312289341 {\n  width: 100%;\n}\n<\/style>\n\t<\/div>\n\t\n\t\t<\/div>\n\t\t\t\t\t<\/div>\n\n\t\n\n\t<div id=\"col-1639352773\" class=\"col hide-for-medium medium-1 small-12 large-1\"  >\n\t\t\t\t<div class=\"col-inner\"  >\n\t\t\t\n\t\t\t\n\t\t<\/div>\n\t\t\t\t\t<\/div>\n\n\t\n<\/div>\n<div class=\"row align-center\"  id=\"row-466214621\">\n\n\t<div id=\"col-103103468\" class=\"col small-12 large-12\"  >\n\t\t\t\t<div class=\"col-inner text-center\"  >\n\t\t\t\n\t\t\t\n<a href=\"https:\/\/borne.heoh.net\/fr\/fonctionnement\/\" target=\"_self\" class=\"button secondary\"  style=\"border-radius:99px;\">\n    <span>Voir le fonctionnement<\/span>\n  <\/a>\n\n\t\t<\/div>\n\t\t\t\t\t<\/div>\n\n\t\n<\/div>\n\t\t<\/div>\n\t\t\t\t\t<\/div>\n\n\t\n<\/div>\n\t\t<\/div>\n\n\t\t\n<style>\n#section_429039715 {\n  padding-top: 30px;\n  padding-bottom: 30px;\n}\n#section_429039715 .ux-shape-divider--top svg {\n  height: 150px;\n  --divider-top-width: 100%;\n}\n#section_429039715 .ux-shape-divider--bottom svg {\n  height: 150px;\n  --divider-width: 100%;\n}\n<\/style>\n\t<\/section>\n\t\n\t<section class=\"section\" id=\"section_1256294591\">\n\t\t<div class=\"bg section-bg fill bg-fill  bg-loaded\" >\n\n\t\t\t\n\t\t\t\n\t\t\t\n\n\t\t<\/div>\n\n\t\t\n\n\t\t<div class=\"section-content relative\">\n\t\t\t\n<div class=\"container section-title-container\" ><h3 class=\"section-title section-title-center\"><b><\/b><span class=\"section-title-main\" style=\"font-size:72%;\">caract\u00e9ristiques<\/span><b><\/b><\/h3><\/div>\n<div class=\"row\"  id=\"row-1053702826\">\n\n\t<div id=\"col-145927690\" class=\"col medium-4 small-12 large-4\"  >\n\t\t\t\t<div class=\"col-inner\"  >\n\t\t\t\n\t\t\t\n\t<div class=\"img has-hover x md-x lg-x y md-y lg-y\" id=\"image_53566234\">\n\t\t\t\t\t\t\t\t<div class=\"img-inner dark\" >\n\t\t\t<img loading=\"lazy\" decoding=\"async\" width=\"701\" height=\"1024\" src=\"https:\/\/borne.heoh.net\/fr\/wp-content\/uploads\/sites\/3\/2023\/03\/borne-sur-pied-701x1024.png\" class=\"attachment-large size-large\" alt=\"\" srcset=\"https:\/\/borne.heoh.net\/fr\/wp-content\/uploads\/sites\/3\/2023\/03\/borne-sur-pied-701x1024.png 701w, https:\/\/borne.heoh.net\/fr\/wp-content\/uploads\/sites\/3\/2023\/03\/borne-sur-pied-205x300.png 205w, https:\/\/borne.heoh.net\/fr\/wp-content\/uploads\/sites\/3\/2023\/03\/borne-sur-pied-768x1122.png 768w, https:\/\/borne.heoh.net\/fr\/wp-content\/uploads\/sites\/3\/2023\/03\/borne-sur-pied.png 944w\" sizes=\"auto, (max-width: 701px) 100vw, 701px\" \/>\t\t\t\t\t\t\n\t\t\t\t\t<\/div>\n\t\t\t\t\t\t\t\t\n<style>\n#image_53566234 {\n  width: 100%;\n}\n<\/style>\n\t<\/div>\n\t\n\t\t<\/div>\n\t\t\t\t\t<\/div>\n\n\t\n\n\t<div id=\"col-1712248272\" class=\"col medium-1 small-12 large-1\"  >\n\t\t\t\t<div class=\"col-inner\"  >\n\t\t\t\n\t\t\t\n\t\t<\/div>\n\t\t\t\t\t<\/div>\n\n\t\n\n\t<div id=\"col-1590409014\" class=\"col medium-4 small-12 large-4\"  >\n\t\t\t\t<div class=\"col-inner\"  >\n\t\t\t\n\t\t\t\n\t<div class=\"img has-hover x md-x lg-x y md-y lg-y\" id=\"image_1948051700\">\n\t\t\t\t\t\t\t\t<div class=\"img-inner dark\" >\n\t\t\t<img loading=\"lazy\" decoding=\"async\" width=\"800\" height=\"800\" src=\"https:\/\/borne.heoh.net\/fr\/wp-content\/uploads\/sites\/3\/2020\/10\/pro-3-1.jpg\" class=\"attachment-large size-large\" alt=\"Marketing g\u00e9n\u00e9reux ; Financement innovant ; Don rapide ; Petit don ; Donner facilement \u00e0 une association ; Don facile ; Open payment ; Don innovant ; Don digital ; Panier de qu\u00eate digital ; Bornes de dons ; Faire un don ; Financement d&#039;une association ; Tra\u00e7abilit\u00e9 des dons ; Gestion des dons ; Associations ; M\u00e9c\u00e9nat ; Don s\u00e9curis\u00e9 ; Collecte de dons s\u00e9curis\u00e9s ; Solutions de collecte dons ; Collecte de dons ; Faire un don\" srcset=\"https:\/\/borne.heoh.net\/fr\/wp-content\/uploads\/sites\/3\/2020\/10\/pro-3-1.jpg 800w, https:\/\/borne.heoh.net\/fr\/wp-content\/uploads\/sites\/3\/2020\/10\/pro-3-1-300x300.jpg 300w, https:\/\/borne.heoh.net\/fr\/wp-content\/uploads\/sites\/3\/2020\/10\/pro-3-1-150x150.jpg 150w, https:\/\/borne.heoh.net\/fr\/wp-content\/uploads\/sites\/3\/2020\/10\/pro-3-1-768x768.jpg 768w\" sizes=\"auto, (max-width: 800px) 100vw, 800px\" \/>\t\t\t\t\t\t\n\t\t\t\t\t<\/div>\n\t\t\t\t\t\t\t\t\n<style>\n#image_1948051700 {\n  width: 70%;\n}\n<\/style>\n\t<\/div>\n\t\n\t<div class=\"img has-hover x md-x lg-x y md-y lg-y\" id=\"image_1537344394\">\n\t\t\t\t\t\t\t\t<div class=\"img-inner dark\" >\n\t\t\t<img loading=\"lazy\" decoding=\"async\" width=\"800\" height=\"800\" src=\"https:\/\/borne.heoh.net\/fr\/wp-content\/uploads\/sites\/3\/2020\/10\/pro-3-2.jpg\" class=\"attachment-large size-large\" alt=\"Marketing g\u00e9n\u00e9reux ; Financement innovant ; Don rapide ; Petit don ; Donner facilement \u00e0 une association ; Don facile ; Open payment ; Don innovant ; Don digital ; Panier de qu\u00eate digital ; Bornes de dons ; Faire un don ; Financement d&#039;une association ; Tra\u00e7abilit\u00e9 des dons ; Gestion des dons ; Associations ; M\u00e9c\u00e9nat ; Don s\u00e9curis\u00e9 ; Collecte de dons s\u00e9curis\u00e9s ; Solutions de collecte dons ; Collecte de dons ; Faire un don\" srcset=\"https:\/\/borne.heoh.net\/fr\/wp-content\/uploads\/sites\/3\/2020\/10\/pro-3-2.jpg 800w, https:\/\/borne.heoh.net\/fr\/wp-content\/uploads\/sites\/3\/2020\/10\/pro-3-2-300x300.jpg 300w, https:\/\/borne.heoh.net\/fr\/wp-content\/uploads\/sites\/3\/2020\/10\/pro-3-2-150x150.jpg 150w, https:\/\/borne.heoh.net\/fr\/wp-content\/uploads\/sites\/3\/2020\/10\/pro-3-2-768x768.jpg 768w\" sizes=\"auto, (max-width: 800px) 100vw, 800px\" \/>\t\t\t\t\t\t\n\t\t\t\t\t<\/div>\n\t\t\t\t\t\t\t\t\n<style>\n#image_1537344394 {\n  width: 70%;\n}\n<\/style>\n\t<\/div>\n\t\n\t\t<\/div>\n\t\t\t\t\t<\/div>\n\n\t\n\n\t<div id=\"col-518433539\" class=\"col medium-3 small-12 large-3\"  >\n\t\t\t\t<div class=\"col-inner\"  >\n\t\t\t\n\t\t\t\n<h3>\u00a0<\/h3>\n<h3 style=\"text-align: center;\"><span data-text-color=\"secondary\">Poids maximum :<\/span><\/h3>\n<p style=\"text-align: center;\"><span data-text-color=\"primary\"><strong>15kg<\/strong><\/span><\/p>\n<p>\u00a0<\/p>\n<h3 style=\"text-align: center;\"><span data-text-color=\"secondary\">lnclination :<\/span><\/h3>\n<p style=\"text-align: center;\"><span data-text-color=\"primary\"><strong>15 degr\u00e9s<\/strong><\/span><\/p>\n<h3>\u00a0<\/h3>\n<h3 style=\"text-align: center;\"><span data-text-color=\"secondary\">Mat\u00e9riel :<\/span><\/h3>\n<p style=\"text-align: center;\"><span data-text-color=\"primary\"><strong>Niveau \u00e0 bulle int\u00e9gr\u00e9 en acier <br \/>Compatibilit\u00e9 Placoplatre<\/strong><\/span><\/p>\n\t\t<\/div>\n\t\t\t\t\t<\/div>\n\n\t\n<\/div>\n\t\t<\/div>\n\n\t\t\n<style>\n#section_1256294591 {\n  padding-top: 30px;\n  padding-bottom: 30px;\n}\n#section_1256294591 .ux-shape-divider--top svg {\n  height: 150px;\n  --divider-top-width: 100%;\n}\n#section_1256294591 .ux-shape-divider--bottom svg {\n  height: 150px;\n  --divider-width: 100%;\n}\n<\/style>\n\t<\/section>\n\t\n\t<section class=\"section\" id=\"section_1623321702\">\n\t\t<div class=\"bg section-bg fill bg-fill  bg-loaded\" >\n\n\t\t\t\n\t\t\t\n\t\t\t\n\n\t\t<\/div>\n\n\t\t\n\n\t\t<div class=\"section-content relative\">\n\t\t\t\n<div class=\"container section-title-container\" ><h3 class=\"section-title section-title-center\"><b><\/b><span class=\"section-title-main\" >Prix<\/span><b><\/b><\/h3><\/div>\n<div class=\"row\"  id=\"row-1986623042\">\n\n\t<div id=\"col-1039777345\" class=\"col medium-3 small-12 large-3\"  >\n\t\t\t\t<div class=\"col-inner\"  >\n\t\t\t\n\t\t\t\n\t\t<\/div>\n\t\t\t\t\t<\/div>\n\n\t\n\n\t<div id=\"col-1256831801\" class=\"col medium-6 small-12 large-6\"  >\n\t\t\t\t<div class=\"col-inner\"  >\n\t\t\t\n\t\t\t\n\t<div class=\"img has-hover x md-x lg-x y md-y lg-y\" id=\"image_214164842\">\n\t\t\t\t\t\t\t\t<div class=\"img-inner dark\" >\n\t\t\t<img loading=\"lazy\" decoding=\"async\" width=\"1020\" height=\"652\" src=\"https:\/\/borne.heoh.net\/fr\/wp-content\/uploads\/sites\/3\/2026\/01\/HeoH-Prix-petite-borne-1024x655.png\" class=\"attachment-large size-large\" alt=\"\" srcset=\"https:\/\/borne.heoh.net\/fr\/wp-content\/uploads\/sites\/3\/2026\/01\/HeoH-Prix-petite-borne-1024x655.png 1024w, https:\/\/borne.heoh.net\/fr\/wp-content\/uploads\/sites\/3\/2026\/01\/HeoH-Prix-petite-borne-300x192.png 300w, https:\/\/borne.heoh.net\/fr\/wp-content\/uploads\/sites\/3\/2026\/01\/HeoH-Prix-petite-borne-768x491.png 768w, https:\/\/borne.heoh.net\/fr\/wp-content\/uploads\/sites\/3\/2026\/01\/HeoH-Prix-petite-borne-1536x982.png 1536w, https:\/\/borne.heoh.net\/fr\/wp-content\/uploads\/sites\/3\/2026\/01\/HeoH-Prix-petite-borne-2048x1310.png 2048w\" sizes=\"auto, (max-width: 1020px) 100vw, 1020px\" \/>\t\t\t\t\t\t\n\t\t\t\t\t<\/div>\n\t\t\t\t\t\t\t\t\n<style>\n#image_214164842 {\n  width: 90%;\n}\n<\/style>\n\t<\/div>\n\t\n\t\t<\/div>\n\t\t\t\t\t<\/div>\n\n\t\n\n\t<div id=\"col-1007476879\" class=\"col medium-1 small-12 large-1\"  >\n\t\t\t\t<div class=\"col-inner\"  >\n\t\t\t\n\t\t\t\n\t\t<\/div>\n\t\t\t\t\t<\/div>\n\n\t\n<\/div>\n<p style=\"text-align: center;\"><span style=\"font-size: 110%; color: #4a5473;\"><strong>*sur une p\u00e9riode de 5 ans et \u00e0 la fin des 60 mensualit\u00e9s, vous pouvez devenir propri\u00e9taire du mat\u00e9riel.<\/strong><\/span><\/p>\n<p style=\"text-align: center;\"><span style=\"font-size: 110%; color: #4a5473;\"><strong>Si vous faites partie d\u2019un lieu de culte,<\/strong><\/span><span style=\"font-size: 110%; color: #4a5473;\"><strong> merci de contacter l\u2019\u00e9quipe de HeoH afin de recevoir une tarification particularis\u00e9e.\u00a0 \u00a0\u00a0<\/strong><\/span><\/p>\n<div class=\"row\"  id=\"row-351096290\">\n\n\t<div id=\"col-1714033097\" class=\"col medium-4 small-12 large-4\"  >\n\t\t\t\t<div class=\"col-inner\"  >\n\t\t\t\n\t\t\t\n\t\t<\/div>\n\t\t\t\t\t<\/div>\n\n\t\n\n\t<div id=\"col-1782041434\" class=\"col medium-3 small-12 large-3\"  >\n\t\t\t\t<div class=\"col-inner\"  >\n\t\t\t\n\t\t\t\n\t\t<\/div>\n\t\t\t\t\t<\/div>\n\n\t\n\n\t<div id=\"col-1433488546\" class=\"col medium-2 small-12 large-2\"  >\n\t\t\t\t<div class=\"col-inner\"  >\n\t\t\t\n\t\t\t\n\t\t<\/div>\n\t\t\t\t\t<\/div>\n\n\t\n\n\t<div id=\"col-2111876519\" class=\"col medium-4 small-12 large-4\"  >\n\t\t\t\t<div class=\"col-inner\"  >\n\t\t\t\n\t\t\t\n<a href=\"#home-form\" target=\"_self\" class=\"button secondary is-outline\"  style=\"border-radius:99px;\">\n    <span>Contacter heoh !<\/span>\n  <\/a>\n\n\t\t<\/div>\n\t\t\t\t\t<\/div>\n\n\t\n\n\t<div id=\"col-1409003644\" class=\"col medium-1 small-12 large-1\"  >\n\t\t\t\t<div class=\"col-inner\"  >\n\t\t\t\n\t\t\t\n\t\t<\/div>\n\t\t\t\t\t<\/div>\n\n\t\n\n\t<div id=\"col-294207915\" class=\"col medium-2 small-12 large-2\"  >\n\t\t\t\t<div class=\"col-inner\"  >\n\t\t\t\n\t\t\t\n\t\t<\/div>\n\t\t\t\t\t<\/div>\n\n\t\n<\/div>\n\t\t<\/div>\n\n\t\t\n<style>\n#section_1623321702 {\n  padding-top: 30px;\n  padding-bottom: 30px;\n}\n#section_1623321702 .ux-shape-divider--top svg {\n  height: 150px;\n  --divider-top-width: 100%;\n}\n#section_1623321702 .ux-shape-divider--bottom svg {\n  height: 150px;\n  --divider-width: 100%;\n}\n<\/style>\n\t<\/section>\n\t\n","protected":false},"excerpt":{"rendered":"","protected":false},"author":1,"featured_media":0,"parent":10,"menu_order":0,"comment_status":"closed","ping_status":"closed","template":"page-blank.php","meta":{"footnotes":""},"class_list":["post-304","page","type-page","status-publish","hentry"],"yoast_head":"<!-- This site is optimized with the Yoast SEO plugin v21.7 - https:\/\/yoast.com\/wordpress\/plugins\/seo\/ -->\n<title>Petite borne - Borne - French<\/title>\n<meta name=\"robots\" content=\"index, follow, max-snippet:-1, max-image-preview:large, max-video-preview:-1\" \/>\n<link rel=\"canonical\" href=\"https:\/\/borne.heoh.net\/fr\/produits\/petite-borne\/\" \/>\n<meta property=\"og:locale\" content=\"fr_FR\" \/>\n<meta property=\"og:type\" content=\"article\" \/>\n<meta property=\"og:title\" content=\"Petite borne - Borne - French\" \/>\n<meta property=\"og:url\" content=\"https:\/\/borne.heoh.net\/fr\/produits\/petite-borne\/\" \/>\n<meta property=\"og:site_name\" content=\"Borne - French\" \/>\n<meta property=\"article:modified_time\" content=\"2026-01-13T15:42:37+00:00\" \/>\n<meta name=\"twitter:card\" content=\"summary_large_image\" \/>\n<meta name=\"twitter:label1\" content=\"Dur\u00e9e de lecture estim\u00e9e\" \/>\n\t<meta name=\"twitter:data1\" content=\"2 minutes\" \/>\n<script type=\"application\/ld+json\" class=\"yoast-schema-graph\">{\"@context\":\"https:\/\/schema.org\",\"@graph\":[{\"@type\":\"WebPage\",\"@id\":\"https:\/\/borne.heoh.net\/fr\/produits\/petite-borne\/\",\"url\":\"https:\/\/borne.heoh.net\/fr\/produits\/petite-borne\/\",\"name\":\"Petite borne - Borne - French\",\"isPartOf\":{\"@id\":\"https:\/\/borne.heoh.net\/fr\/#website\"},\"datePublished\":\"2020-10-03T07:29:25+00:00\",\"dateModified\":\"2026-01-13T15:42:37+00:00\",\"breadcrumb\":{\"@id\":\"https:\/\/borne.heoh.net\/fr\/produits\/petite-borne\/#breadcrumb\"},\"inLanguage\":\"fr-FR\",\"potentialAction\":[{\"@type\":\"ReadAction\",\"target\":[\"https:\/\/borne.heoh.net\/fr\/produits\/petite-borne\/\"]}]},{\"@type\":\"BreadcrumbList\",\"@id\":\"https:\/\/borne.heoh.net\/fr\/produits\/petite-borne\/#breadcrumb\",\"itemListElement\":[{\"@type\":\"ListItem\",\"position\":1,\"name\":\"Home\",\"item\":\"https:\/\/borne.heoh.net\/fr\/\"},{\"@type\":\"ListItem\",\"position\":2,\"name\":\"Produits\",\"item\":\"https:\/\/borne.heoh.net\/fr\/produits\/\"},{\"@type\":\"ListItem\",\"position\":3,\"name\":\"Petite borne\"}]},{\"@type\":\"WebSite\",\"@id\":\"https:\/\/borne.heoh.net\/fr\/#website\",\"url\":\"https:\/\/borne.heoh.net\/fr\/\",\"name\":\"Borne - French\",\"description\":\"Just another Borne Sites site\",\"potentialAction\":[{\"@type\":\"SearchAction\",\"target\":{\"@type\":\"EntryPoint\",\"urlTemplate\":\"https:\/\/borne.heoh.net\/fr\/?s={search_term_string}\"},\"query-input\":\"required name=search_term_string\"}],\"inLanguage\":\"fr-FR\"}]}<\/script>\n<!-- \/ Yoast SEO plugin. -->","yoast_head_json":{"title":"Petite borne - Borne - French","robots":{"index":"index","follow":"follow","max-snippet":"max-snippet:-1","max-image-preview":"max-image-preview:large","max-video-preview":"max-video-preview:-1"},"canonical":"https:\/\/borne.heoh.net\/fr\/produits\/petite-borne\/","og_locale":"fr_FR","og_type":"article","og_title":"Petite borne - Borne - French","og_url":"https:\/\/borne.heoh.net\/fr\/produits\/petite-borne\/","og_site_name":"Borne - French","article_modified_time":"2026-01-13T15:42:37+00:00","twitter_card":"summary_large_image","twitter_misc":{"Dur\u00e9e de lecture estim\u00e9e":"2 minutes"},"schema":{"@context":"https:\/\/schema.org","@graph":[{"@type":"WebPage","@id":"https:\/\/borne.heoh.net\/fr\/produits\/petite-borne\/","url":"https:\/\/borne.heoh.net\/fr\/produits\/petite-borne\/","name":"Petite borne - Borne - French","isPartOf":{"@id":"https:\/\/borne.heoh.net\/fr\/#website"},"datePublished":"2020-10-03T07:29:25+00:00","dateModified":"2026-01-13T15:42:37+00:00","breadcrumb":{"@id":"https:\/\/borne.heoh.net\/fr\/produits\/petite-borne\/#breadcrumb"},"inLanguage":"fr-FR","potentialAction":[{"@type":"ReadAction","target":["https:\/\/borne.heoh.net\/fr\/produits\/petite-borne\/"]}]},{"@type":"BreadcrumbList","@id":"https:\/\/borne.heoh.net\/fr\/produits\/petite-borne\/#breadcrumb","itemListElement":[{"@type":"ListItem","position":1,"name":"Home","item":"https:\/\/borne.heoh.net\/fr\/"},{"@type":"ListItem","position":2,"name":"Produits","item":"https:\/\/borne.heoh.net\/fr\/produits\/"},{"@type":"ListItem","position":3,"name":"Petite borne"}]},{"@type":"WebSite","@id":"https:\/\/borne.heoh.net\/fr\/#website","url":"https:\/\/borne.heoh.net\/fr\/","name":"Borne - French","description":"Just another Borne Sites site","potentialAction":[{"@type":"SearchAction","target":{"@type":"EntryPoint","urlTemplate":"https:\/\/borne.heoh.net\/fr\/?s={search_term_string}"},"query-input":"required name=search_term_string"}],"inLanguage":"fr-FR"}]}},"_links":{"self":[{"href":"https:\/\/borne.heoh.net\/fr\/wp-json\/wp\/v2\/pages\/304","targetHints":{"allow":["GET"]}}],"collection":[{"href":"https:\/\/borne.heoh.net\/fr\/wp-json\/wp\/v2\/pages"}],"about":[{"href":"https:\/\/borne.heoh.net\/fr\/wp-json\/wp\/v2\/types\/page"}],"author":[{"embeddable":true,"href":"https:\/\/borne.heoh.net\/fr\/wp-json\/wp\/v2\/users\/1"}],"replies":[{"embeddable":true,"href":"https:\/\/borne.heoh.net\/fr\/wp-json\/wp\/v2\/comments?post=304"}],"version-history":[{"count":0,"href":"https:\/\/borne.heoh.net\/fr\/wp-json\/wp\/v2\/pages\/304\/revisions"}],"up":[{"embeddable":true,"href":"https:\/\/borne.heoh.net\/fr\/wp-json\/wp\/v2\/pages\/10"}],"wp:attachment":[{"href":"https:\/\/borne.heoh.net\/fr\/wp-json\/wp\/v2\/media?parent=304"}],"curies":[{"name":"wp","href":"https:\/\/api.w.org\/{rel}","templated":true}]}}