{"id":298,"date":"2020-10-03T07:28:36","date_gmt":"2020-10-03T07:28:36","guid":{"rendered":"https:\/\/ubb.in\/borne\/fr\/?page_id=298"},"modified":"2025-12-12T14:45:30","modified_gmt":"2025-12-12T14:45:30","slug":"borne-dexterieur","status":"publish","type":"page","link":"https:\/\/borne.heoh.net\/fr\/produits\/borne-dexterieur\/","title":{"rendered":"Borne d&rsquo;ext\u00e9rieur"},"content":{"rendered":"\t<section class=\"section\" id=\"section_424578537\">\n\t\t<div class=\"bg section-bg fill bg-fill  bg-loaded\" >\n\n\t\t\t\n\t\t\t\n\t\t\t\n\n\t\t<\/div>\n\n\t\t\n\n\t\t<div class=\"section-content relative\">\n\t\t\t\n\t\t<\/div>\n\n\t\t\n<style>\n#section_424578537 {\n  padding-top: 0px;\n  padding-bottom: 0px;\n}\n#section_424578537 .ux-shape-divider--top svg {\n  height: 150px;\n  --divider-top-width: 100%;\n}\n#section_424578537 .ux-shape-divider--bottom svg {\n  height: 150px;\n  --divider-width: 100%;\n}\n<\/style>\n\t<\/section>\n\t\n\t<section class=\"section\" id=\"section_913476916\">\n\t\t<div class=\"bg section-bg fill bg-fill  bg-loaded\" >\n\n\t\t\t\n\t\t\t\n\t\t\t\n\n\t\t<\/div>\n\n\t\t\n\n\t\t<div class=\"section-content relative\">\n\t\t\t\n<div class=\"row\"  id=\"row-1390664759\">\n\n\t<div id=\"col-171524327\" class=\"col small-12 large-12\"  >\n\t\t\t\t<div class=\"col-inner\"  >\n\t\t\t\n\t\t\t\n<h2 class=\"uppercase\" style=\"text-align: center;\"><span data-text-color=\"primary\">Borne d&rsquo;ext\u00e9rieur<\/span><\/h2>\n\t\t<\/div>\n\t\t\t\t\t<\/div>\n\n\t\n\n\t<div id=\"col-288387998\" class=\"col medium-5 small-12 large-5\"  >\n\t\t\t\t<div class=\"col-inner\"  >\n\t\t\t\n\t\t\t\n\t<div class=\"img has-hover x md-x lg-x y md-y lg-y\" id=\"image_179108446\">\n\t\t\t\t\t\t\t\t<div class=\"img-inner dark\" >\n\t\t\t<img loading=\"lazy\" decoding=\"async\" width=\"550\" height=\"400\" src=\"https:\/\/borne.heoh.net\/fr\/wp-content\/uploads\/sites\/3\/2020\/11\/Borne-d-exterieur.jpg\" class=\"attachment-large size-large\" alt=\"Marketing g\u00e9n\u00e9reux ; Financement innovant ; Don rapide ; Petit don ; Donner facilement \u00e0 une association ; Don facile ; Open payment ; Don innovant ; Don digital ; Panier de qu\u00eate digital ; Bornes de dons ; Faire un don ; Financement d&#039;une association ; Tra\u00e7abilit\u00e9 des dons ; Gestion des dons ; Associations ; M\u00e9c\u00e9nat ; Don s\u00e9curis\u00e9 ; Collecte de dons s\u00e9curis\u00e9s ; Solutions de collecte dons ; Collecte de dons ; Faire un don\" srcset=\"https:\/\/borne.heoh.net\/fr\/wp-content\/uploads\/sites\/3\/2020\/11\/Borne-d-exterieur.jpg 550w, https:\/\/borne.heoh.net\/fr\/wp-content\/uploads\/sites\/3\/2020\/11\/Borne-d-exterieur-300x218.jpg 300w\" sizes=\"auto, (max-width: 550px) 100vw, 550px\" \/>\t\t\t\t\t\t\n\t\t\t\t\t<\/div>\n\t\t\t\t\t\t\t\t\n<style>\n#image_179108446 {\n  width: 100%;\n}\n<\/style>\n\t<\/div>\n\t\n\t\t<\/div>\n\t\t\t\t\t<\/div>\n\n\t\n\n\t<div id=\"col-214360550\" class=\"col medium-7 small-12 large-7\"  >\n\t\t\t\t<div class=\"col-inner\"  >\n\t\t\t\n\t\t\t\n<div class=\"row\">\n<p>Cette borne \u00e9tanche (voire anti vandalisme) peut \u00eatre mise \u00e0 l\u2019ext\u00e9rieur, sur les places publiques, jardins, et tout autre espace ouvert. Elle fonctionne sans surveillance, et peut \u00eatre autonome gr\u00e2ce \u00e0 un panneau solaire (en option).<\/p>\n<p>Elle est dot\u00e9e d\u2019un grand \u00e9cran interactif, permettant de lire une vid\u00e9o, choisir la cause \u00e0 soutenir, choisir le montant du don, ou encore entrer son email pour obtenir un re\u00e7u fiscal.<\/p>\n<p>La borne d\u2019ext\u00e9rieur offre la possibilit\u00e9 de payer en sans contact ou avec contr\u00f4le du code.<\/p>\n<\/div>\n\t\t<\/div>\n\t\t\t\t\t<\/div>\n\n\t\n<\/div>\n<div class=\"row\"  id=\"row-903001800\">\n\n\t<div id=\"col-405256430\" class=\"col small-12 large-12\"  >\n\t\t\t\t<div class=\"col-inner text-center\"  >\n\t\t\t\n\t\t\t\n<a href=\"https:\/\/borne.heoh.net\/fr\/fonctionnement\/\" target=\"_self\" class=\"button secondary\"  style=\"border-radius:99px;\">\n    <span>Voir le fonctionnement<\/span>\n  <\/a>\n\n\t\t<\/div>\n\t\t\t\t\t<\/div>\n\n\t\n<\/div>\n<p style=\"text-align: center;\"><strong><span style=\"font-size: 110%;\"><span style=\"color: #4a5473;\">Si vous souhaitez commander une borne d&rsquo;ext\u00e9rieur, merci de contacter l&rsquo;\u00e9quipe de HeoH.\u00a0<\/span><\/span><\/strong><\/p>\n<p>\u00a0<\/p>\n<div class=\"row align-center\"  id=\"row-505639152\">\n\n\t<div id=\"col-379426714\" class=\"col medium-4 small-12 large-4\"  >\n\t\t\t\t<div class=\"col-inner\"  >\n\t\t\t\n\t\t\t\n\t\t<\/div>\n\t\t\t\t\t<\/div>\n\n\t\n\n\t<div id=\"col-168073899\" class=\"col medium-4 small-12 large-4\"  >\n\t\t\t\t<div class=\"col-inner text-center\"  >\n\t\t\t\n\t\t\t\n<a href=\"#home-form\" target=\"_self\" class=\"button secondary is-outline\"  style=\"border-radius:99px;\">\n    <span>Contacter heoh !<\/span>\n  <\/a>\n\n\t\t<\/div>\n\t\t\t\t\t<\/div>\n\n\t\n\n\t<div id=\"col-777882265\" class=\"col medium-4 small-12 large-4\"  >\n\t\t\t\t<div class=\"col-inner\"  >\n\t\t\t\n\t\t\t\n\t\t<\/div>\n\t\t\t\t\t<\/div>\n\n\t\n<\/div>\n<div class=\"container section-title-container hidden\" ><h3 class=\"section-title section-title-normal\"><b><\/b><span class=\"section-title-main\" >Marketing g\u00e9n\u00e9reux ; Financement innovant ; Don rapide ; Petit don ; Donner facilement \u00e0 une association ; Don facile ; Open payment ; Don innovant ; Don digital ; Panier de qu\u00eate digital ; Bornes de dons ; Faire un don ; Financement d'une association ; Tra\u00e7abilit\u00e9 des dons ; Gestion des dons ; Associations ; M\u00e9c\u00e9nat ; Don s\u00e9curis\u00e9 ; Collecte de dons s\u00e9curis\u00e9s ; Solutions de collecte dons ; Collecte de dons ; Faire un don<\/span><b><\/b><\/h3><\/div>\n\t\t<\/div>\n\n\t\t\n<style>\n#section_913476916 {\n  padding-top: 30px;\n  padding-bottom: 30px;\n}\n#section_913476916 .ux-shape-divider--top svg {\n  height: 150px;\n  --divider-top-width: 100%;\n}\n#section_913476916 .ux-shape-divider--bottom svg {\n  height: 150px;\n  --divider-width: 100%;\n}\n<\/style>\n\t<\/section>\n\t\n\n","protected":false},"excerpt":{"rendered":"","protected":false},"author":1,"featured_media":0,"parent":10,"menu_order":0,"comment_status":"closed","ping_status":"closed","template":"page-blank.php","meta":{"footnotes":""},"class_list":["post-298","page","type-page","status-publish","hentry"],"yoast_head":"<!-- This site is optimized with the Yoast SEO plugin v21.7 - https:\/\/yoast.com\/wordpress\/plugins\/seo\/ -->\n<title>Borne d&#039;ext\u00e9rieur - Borne - French<\/title>\n<meta name=\"robots\" content=\"index, follow, max-snippet:-1, max-image-preview:large, max-video-preview:-1\" \/>\n<link rel=\"canonical\" href=\"https:\/\/borne.heoh.net\/fr\/produits\/borne-dexterieur\/\" \/>\n<meta property=\"og:locale\" content=\"fr_FR\" \/>\n<meta property=\"og:type\" content=\"article\" \/>\n<meta property=\"og:title\" content=\"Borne d&#039;ext\u00e9rieur - Borne - French\" \/>\n<meta property=\"og:url\" content=\"https:\/\/borne.heoh.net\/fr\/produits\/borne-dexterieur\/\" \/>\n<meta property=\"og:site_name\" content=\"Borne - French\" \/>\n<meta property=\"article:modified_time\" content=\"2025-12-12T14:45:30+00:00\" \/>\n<meta name=\"twitter:card\" content=\"summary_large_image\" \/>\n<meta name=\"twitter:label1\" content=\"Dur\u00e9e de lecture estim\u00e9e\" \/>\n\t<meta name=\"twitter:data1\" content=\"2 minutes\" \/>\n<script type=\"application\/ld+json\" class=\"yoast-schema-graph\">{\"@context\":\"https:\/\/schema.org\",\"@graph\":[{\"@type\":\"WebPage\",\"@id\":\"https:\/\/borne.heoh.net\/fr\/produits\/borne-dexterieur\/\",\"url\":\"https:\/\/borne.heoh.net\/fr\/produits\/borne-dexterieur\/\",\"name\":\"Borne d'ext\u00e9rieur - Borne - French\",\"isPartOf\":{\"@id\":\"https:\/\/borne.heoh.net\/fr\/#website\"},\"datePublished\":\"2020-10-03T07:28:36+00:00\",\"dateModified\":\"2025-12-12T14:45:30+00:00\",\"breadcrumb\":{\"@id\":\"https:\/\/borne.heoh.net\/fr\/produits\/borne-dexterieur\/#breadcrumb\"},\"inLanguage\":\"fr-FR\",\"potentialAction\":[{\"@type\":\"ReadAction\",\"target\":[\"https:\/\/borne.heoh.net\/fr\/produits\/borne-dexterieur\/\"]}]},{\"@type\":\"BreadcrumbList\",\"@id\":\"https:\/\/borne.heoh.net\/fr\/produits\/borne-dexterieur\/#breadcrumb\",\"itemListElement\":[{\"@type\":\"ListItem\",\"position\":1,\"name\":\"Home\",\"item\":\"https:\/\/borne.heoh.net\/fr\/\"},{\"@type\":\"ListItem\",\"position\":2,\"name\":\"Produits\",\"item\":\"https:\/\/borne.heoh.net\/fr\/produits\/\"},{\"@type\":\"ListItem\",\"position\":3,\"name\":\"Borne d&rsquo;ext\u00e9rieur\"}]},{\"@type\":\"WebSite\",\"@id\":\"https:\/\/borne.heoh.net\/fr\/#website\",\"url\":\"https:\/\/borne.heoh.net\/fr\/\",\"name\":\"Borne - French\",\"description\":\"Just another Borne Sites site\",\"potentialAction\":[{\"@type\":\"SearchAction\",\"target\":{\"@type\":\"EntryPoint\",\"urlTemplate\":\"https:\/\/borne.heoh.net\/fr\/?s={search_term_string}\"},\"query-input\":\"required name=search_term_string\"}],\"inLanguage\":\"fr-FR\"}]}<\/script>\n<!-- \/ Yoast SEO plugin. -->","yoast_head_json":{"title":"Borne d'ext\u00e9rieur - Borne - French","robots":{"index":"index","follow":"follow","max-snippet":"max-snippet:-1","max-image-preview":"max-image-preview:large","max-video-preview":"max-video-preview:-1"},"canonical":"https:\/\/borne.heoh.net\/fr\/produits\/borne-dexterieur\/","og_locale":"fr_FR","og_type":"article","og_title":"Borne d'ext\u00e9rieur - Borne - French","og_url":"https:\/\/borne.heoh.net\/fr\/produits\/borne-dexterieur\/","og_site_name":"Borne - French","article_modified_time":"2025-12-12T14:45:30+00:00","twitter_card":"summary_large_image","twitter_misc":{"Dur\u00e9e de lecture estim\u00e9e":"2 minutes"},"schema":{"@context":"https:\/\/schema.org","@graph":[{"@type":"WebPage","@id":"https:\/\/borne.heoh.net\/fr\/produits\/borne-dexterieur\/","url":"https:\/\/borne.heoh.net\/fr\/produits\/borne-dexterieur\/","name":"Borne d'ext\u00e9rieur - Borne - French","isPartOf":{"@id":"https:\/\/borne.heoh.net\/fr\/#website"},"datePublished":"2020-10-03T07:28:36+00:00","dateModified":"2025-12-12T14:45:30+00:00","breadcrumb":{"@id":"https:\/\/borne.heoh.net\/fr\/produits\/borne-dexterieur\/#breadcrumb"},"inLanguage":"fr-FR","potentialAction":[{"@type":"ReadAction","target":["https:\/\/borne.heoh.net\/fr\/produits\/borne-dexterieur\/"]}]},{"@type":"BreadcrumbList","@id":"https:\/\/borne.heoh.net\/fr\/produits\/borne-dexterieur\/#breadcrumb","itemListElement":[{"@type":"ListItem","position":1,"name":"Home","item":"https:\/\/borne.heoh.net\/fr\/"},{"@type":"ListItem","position":2,"name":"Produits","item":"https:\/\/borne.heoh.net\/fr\/produits\/"},{"@type":"ListItem","position":3,"name":"Borne d&rsquo;ext\u00e9rieur"}]},{"@type":"WebSite","@id":"https:\/\/borne.heoh.net\/fr\/#website","url":"https:\/\/borne.heoh.net\/fr\/","name":"Borne - French","description":"Just another Borne Sites site","potentialAction":[{"@type":"SearchAction","target":{"@type":"EntryPoint","urlTemplate":"https:\/\/borne.heoh.net\/fr\/?s={search_term_string}"},"query-input":"required name=search_term_string"}],"inLanguage":"fr-FR"}]}},"_links":{"self":[{"href":"https:\/\/borne.heoh.net\/fr\/wp-json\/wp\/v2\/pages\/298","targetHints":{"allow":["GET"]}}],"collection":[{"href":"https:\/\/borne.heoh.net\/fr\/wp-json\/wp\/v2\/pages"}],"about":[{"href":"https:\/\/borne.heoh.net\/fr\/wp-json\/wp\/v2\/types\/page"}],"author":[{"embeddable":true,"href":"https:\/\/borne.heoh.net\/fr\/wp-json\/wp\/v2\/users\/1"}],"replies":[{"embeddable":true,"href":"https:\/\/borne.heoh.net\/fr\/wp-json\/wp\/v2\/comments?post=298"}],"version-history":[{"count":0,"href":"https:\/\/borne.heoh.net\/fr\/wp-json\/wp\/v2\/pages\/298\/revisions"}],"up":[{"embeddable":true,"href":"https:\/\/borne.heoh.net\/fr\/wp-json\/wp\/v2\/pages\/10"}],"wp:attachment":[{"href":"https:\/\/borne.heoh.net\/fr\/wp-json\/wp\/v2\/media?parent=298"}],"curies":[{"name":"wp","href":"https:\/\/api.w.org\/{rel}","templated":true}]}}