{"id":1650,"date":"2025-12-12T14:40:14","date_gmt":"2025-12-12T14:40:14","guid":{"rendered":"https:\/\/borne.heoh.net\/fr\/?page_id=1650"},"modified":"2026-01-13T15:42:20","modified_gmt":"2026-01-13T15:42:20","slug":"moyenne-borne","status":"publish","type":"page","link":"https:\/\/borne.heoh.net\/fr\/moyenne-borne\/","title":{"rendered":"Moyenne borne"},"content":{"rendered":"\t<section class=\"section\" id=\"section_168750038\">\n\t\t<div class=\"bg section-bg fill bg-fill  bg-loaded\" >\n\n\t\t\t\n\t\t\t\n\t\t\t\n\n\t\t<\/div>\n\n\t\t\n\n\t\t<div class=\"section-content relative\">\n\t\t\t\n<div class=\"row\"  id=\"row-618331101\">\n\n\t<div id=\"col-420527809\" class=\"col small-12 large-12\"  >\n\t\t\t\t<div class=\"col-inner\"  >\n\t\t\t\n\t\t\t\n<h2 class=\"uppercase\" style=\"text-align: center;\"><span data-text-color=\"primary\">moyenne borne<br \/>\n<\/span><\/h2>\n\t\t<\/div>\n\t\t\t\t\t<\/div>\n\n\t\n\n\t<div id=\"col-1867748491\" class=\"col small-12 large-12\"  >\n\t\t\t\t<div class=\"col-inner\"  >\n\t\t\t\n\t\t\t\n<div class=\"container section-title-container hidden\" ><h3 class=\"section-title section-title-normal\"><b><\/b><span class=\"section-title-main\" >Marketing g\u00e9n\u00e9reux ; Financement innovant ; Don rapide ; Petit don ; Donner facilement \u00e0 une association ; Don facile ; Open payment ; Don innovant ; Don digital ; Panier de qu\u00eate digital ; Bornes de dons ; Faire un don ; Financement d'une association ; Tra\u00e7abilit\u00e9 des dons ; Gestion des dons ; Associations ; M\u00e9c\u00e9nat ; Don s\u00e9curis\u00e9 ; Collecte de dons s\u00e9curis\u00e9s ; Solutions de collecte dons ; Collecte de dons ; Faire un don<\/span><b><\/b><\/h3><\/div>\n<div class=\"row\"  id=\"row-798971473\">\n\n\t<div id=\"col-447491596\" class=\"col medium-1 small-12 large-1\"  >\n\t\t\t\t<div class=\"col-inner\"  >\n\t\t\t\n\t\t\t\n\t\t<\/div>\n\t\t\t\t\t<\/div>\n\n\t\n\n\t<div id=\"col-1470588569\" class=\"col medium-4 small-12 large-4\"  >\n\t\t\t\t<div class=\"col-inner\"  >\n\t\t\t\n\t\t\t\n\t<div class=\"img has-hover x md-x lg-x y md-y lg-y\" id=\"image_837234130\">\n\t\t\t\t\t\t\t\t<div class=\"img-inner dark\" >\n\t\t\t<img loading=\"lazy\" decoding=\"async\" width=\"417\" height=\"1024\" src=\"https:\/\/borne.heoh.net\/fr\/wp-content\/uploads\/sites\/3\/2025\/12\/HeoH-Moyenne-borne-2-417x1024.jpg\" class=\"attachment-large size-large\" alt=\"\" srcset=\"https:\/\/borne.heoh.net\/fr\/wp-content\/uploads\/sites\/3\/2025\/12\/HeoH-Moyenne-borne-2-417x1024.jpg 417w, https:\/\/borne.heoh.net\/fr\/wp-content\/uploads\/sites\/3\/2025\/12\/HeoH-Moyenne-borne-2-122x300.jpg 122w, https:\/\/borne.heoh.net\/fr\/wp-content\/uploads\/sites\/3\/2025\/12\/HeoH-Moyenne-borne-2.jpg 421w\" sizes=\"auto, (max-width: 417px) 100vw, 417px\" \/>\t\t\t\t\t\t\n\t\t\t\t\t<\/div>\n\t\t\t\t\t\t\t\t\n<style>\n#image_837234130 {\n  width: 60%;\n}\n<\/style>\n\t<\/div>\n\t\n\t\t<\/div>\n\t\t\t\t\t<\/div>\n\n\t\n\n\t<div id=\"col-833954368\" class=\"col petite-borne-col medium-7 small-12 large-7\"  >\n\t\t\t\t<div class=\"col-inner\"  >\n\t\t\t\n\t\t\t\n<div class=\"arrow-bullet\">\n<ul>\n<li data-charcodes=\"61623\" data-font=\"Symbol,Sans-Serif\" data-buautonum=\"8\" data-margin=\"540\" data-aria-posinset=\"1\" data-aria-level=\"1\"><span data-scheme-color=\"@495371,,\" data-usefontface=\"true\" data-contrast=\"none\">Est <\/span><b><span data-scheme-color=\"@F89233,,\" data-usefontface=\"true\" data-contrast=\"none\">compl\u00e8tement personnalisable <\/span><\/b><span data-scheme-color=\"@495371,,\" data-usefontface=\"true\" data-contrast=\"none\">aux couleurs du b\u00e9n\u00e9ficiaire ou du projet \u00e0 <\/span><span data-scheme-color=\"@495371,,\" data-usefontface=\"true\" data-contrast=\"none\">soutenir.<\/span>\u200b<\/li>\n<li data-charcodes=\"61623\" data-font=\"Symbol,Sans-Serif\" data-buautonum=\"8\" data-margin=\"540\" data-aria-posinset=\"1\" data-aria-level=\"1\"><span data-scheme-color=\"@495371,,\" data-usefontface=\"true\" data-contrast=\"none\">Est \u00e9quip\u00e9e d\u2019un <\/span><b><span data-scheme-color=\"@F89233,,\" data-usefontface=\"true\" data-contrast=\"none\">\u00e9cran interactif <\/span><\/b><span data-scheme-color=\"@495371,,\" data-usefontface=\"true\" data-contrast=\"none\">o\u00f9 il est possible de mettre une vid\u00e9o d\u2019appel et de <\/span><span data-scheme-color=\"@495371,,\" data-usefontface=\"true\" data-contrast=\"none\">remerciement au don.<\/span>\u200b<\/li>\n<li data-charcodes=\"61623\" data-font=\"Symbol,Sans-Serif\" data-buautonum=\"8\" data-margin=\"540\" data-aria-posinset=\"1\" data-aria-level=\"1\"><span data-scheme-color=\"@495371,,\" data-usefontface=\"true\" data-contrast=\"none\">Est une <\/span><b><span data-scheme-color=\"@F89233,,\" data-usefontface=\"true\" data-contrast=\"none\">solution multi-b\u00e9n\u00e9ficiaires et\/ou multi-projets<\/span><\/b><span data-scheme-color=\"@495371,,\" data-usefontface=\"true\" data-contrast=\"none\">. <\/span><span data-scheme-color=\"@495371,,\" data-usefontface=\"true\" data-contrast=\"none\">HeoH<\/span><span data-scheme-color=\"@495371,,\" data-usefontface=\"true\" data-contrast=\"none\"> peut cr\u00e9diter des <\/span><span data-scheme-color=\"@495371,,\" data-usefontface=\"true\" data-contrast=\"none\">IBAN diff\u00e9rents avec les dons collect\u00e9s sur une seule borne.<\/span>\u200b<\/li>\n<li data-charcodes=\"61623\" data-font=\"Symbol,Sans-Serif\" data-buautonum=\"8\" data-margin=\"540\" data-aria-posinset=\"1\" data-aria-level=\"1\"><span data-scheme-color=\"@495371,,\" data-usefontface=\"true\" data-contrast=\"none\">Offre la possibilit\u00e9 au donateur de recevoir des <\/span><b><span data-scheme-color=\"@F89233,,\" data-usefontface=\"true\" data-contrast=\"none\">re\u00e7us fiscaux <\/span><\/b><span data-scheme-color=\"@495371,,\" data-usefontface=\"true\" data-contrast=\"none\">ult\u00e9rieurement.<\/span>\u200b<\/li>\n<li data-charcodes=\"61623\" data-font=\"Symbol,Sans-Serif\" data-buautonum=\"8\" data-margin=\"540\" data-aria-posinset=\"1\" data-aria-level=\"1\"><span data-scheme-color=\"@495371,,\" data-usefontface=\"true\" data-contrast=\"none\">Accepte le<\/span> <b><span data-scheme-color=\"@F89233,,\" data-usefontface=\"true\" data-contrast=\"none\">sans contact et le contr\u00f4le du code <\/span><\/b><span data-scheme-color=\"@495371,,\" data-usefontface=\"true\" data-contrast=\"none\">(pour les dons sup\u00e9rieurs \u00e0 50 <\/span><span data-scheme-color=\"@495371,,\" data-usefontface=\"true\" data-contrast=\"none\">euros).<\/span>\u200b<\/li>\n<li data-charcodes=\"61623\" data-font=\"Symbol,Sans-Serif\" data-buautonum=\"8\" data-margin=\"540\" data-aria-posinset=\"1\" data-aria-level=\"1\"><span data-scheme-color=\"@495371,,\" data-usefontface=\"true\" data-contrast=\"none\">Peut \u00eatre <\/span><b><span data-scheme-color=\"@F89233,,\" data-usefontface=\"true\" data-contrast=\"none\">fix\u00e9e sur un pied <\/span><\/b><span data-scheme-color=\"@495371,,\" data-usefontface=\"true\" data-contrast=\"none\">(comme sur l\u2019image)<\/span><span data-scheme-color=\"@495371,,\" data-usefontface=\"true\" data-contrast=\"none\">.<\/span>\u200b<\/li>\n<li data-charcodes=\"61623\" data-font=\"Symbol,Sans-Serif\" data-buautonum=\"8\" data-margin=\"540\" data-aria-posinset=\"1\" data-aria-level=\"1\"><span data-scheme-color=\"@495371,,\" data-usefontface=\"true\" data-contrast=\"none\">Est <\/span><b><span data-scheme-color=\"@F89233,,\" data-usefontface=\"true\" data-contrast=\"none\">multilingue.\u00a0<\/span><\/b><\/li>\n<\/ul>\n<\/div>\n\t<div class=\"img has-hover hidden x md-x lg-x y md-y lg-y\" id=\"image_223729093\">\n\t\t\t\t\t\t\t\t<div class=\"img-inner dark\" >\n\t\t\t<img loading=\"lazy\" decoding=\"async\" width=\"800\" height=\"800\" src=\"https:\/\/borne.heoh.net\/fr\/wp-content\/uploads\/sites\/3\/2020\/10\/002.jpg\" class=\"attachment-large size-large\" alt=\"Marketing g\u00e9n\u00e9reux ; Financement innovant ; Don rapide ; Petit don ; Donner facilement \u00e0 une association ; Don facile ; Open payment ; Don innovant ; Don digital ; Panier de qu\u00eate digital ; Bornes de dons ; Faire un don ; Financement d&#039;une association ; Tra\u00e7abilit\u00e9 des dons ; Gestion des dons ; Associations ; M\u00e9c\u00e9nat ; Don s\u00e9curis\u00e9 ; Collecte de dons s\u00e9curis\u00e9s ; Solutions de collecte dons ; Collecte de dons ; Faire un don\" srcset=\"https:\/\/borne.heoh.net\/fr\/wp-content\/uploads\/sites\/3\/2020\/10\/002.jpg 800w, https:\/\/borne.heoh.net\/fr\/wp-content\/uploads\/sites\/3\/2020\/10\/002-300x300.jpg 300w, https:\/\/borne.heoh.net\/fr\/wp-content\/uploads\/sites\/3\/2020\/10\/002-150x150.jpg 150w, https:\/\/borne.heoh.net\/fr\/wp-content\/uploads\/sites\/3\/2020\/10\/002-768x768.jpg 768w\" sizes=\"auto, (max-width: 800px) 100vw, 800px\" \/>\t\t\t\t\t\t\n\t\t\t\t\t<\/div>\n\t\t\t\t\t\t\t\t\n<style>\n#image_223729093 {\n  width: 100%;\n}\n<\/style>\n\t<\/div>\n\t\n\t\t<\/div>\n\t\t\t\t\t<\/div>\n\n\t\n\n\t<div id=\"col-960793249\" class=\"col hide-for-medium medium-1 small-12 large-1\"  >\n\t\t\t\t<div class=\"col-inner\"  >\n\t\t\t\n\t\t\t\n\t\t<\/div>\n\t\t\t\t\t<\/div>\n\n\t\n<\/div>\n<div class=\"row align-center\"  id=\"row-2015067902\">\n\n\t<div id=\"col-1815340044\" class=\"col small-12 large-12\"  >\n\t\t\t\t<div class=\"col-inner text-center\"  >\n\t\t\t\n\t\t\t\n<a href=\"https:\/\/borne.heoh.net\/fr\/fonctionnement\/\" target=\"_self\" class=\"button secondary\"  style=\"border-radius:99px;\">\n    <span>Voir le fonctionnement<\/span>\n  <\/a>\n\n\t\t<\/div>\n\t\t\t\t\t<\/div>\n\n\t\n<\/div>\n\t\t<\/div>\n\t\t\t\t\t<\/div>\n\n\t\n<\/div>\n\t\t<\/div>\n\n\t\t\n<style>\n#section_168750038 {\n  padding-top: 30px;\n  padding-bottom: 30px;\n}\n#section_168750038 .ux-shape-divider--top svg {\n  height: 150px;\n  --divider-top-width: 100%;\n}\n#section_168750038 .ux-shape-divider--bottom svg {\n  height: 150px;\n  --divider-width: 100%;\n}\n<\/style>\n\t<\/section>\n\t\n\t<section class=\"section\" id=\"section_1326310266\">\n\t\t<div class=\"bg section-bg fill bg-fill  bg-loaded\" >\n\n\t\t\t\n\t\t\t\n\t\t\t\n\n\t\t<\/div>\n\n\t\t\n\n\t\t<div class=\"section-content relative\">\n\t\t\t\n<div class=\"container section-title-container\" ><h3 class=\"section-title section-title-center\"><b><\/b><span class=\"section-title-main\" >Prix<\/span><b><\/b><\/h3><\/div>\n<div class=\"row\"  id=\"row-1547143271\">\n\n\t<div id=\"col-1347299891\" class=\"col medium-3 small-12 large-3\"  >\n\t\t\t\t<div class=\"col-inner\"  >\n\t\t\t\n\t\t\t\n\t\t<\/div>\n\t\t\t\t\t<\/div>\n\n\t\n\n\t<div id=\"col-2107476908\" class=\"col medium-6 small-12 large-6\"  >\n\t\t\t\t<div class=\"col-inner\"  >\n\t\t\t\n\t\t\t\n\t<div class=\"img has-hover x md-x lg-x y md-y lg-y\" id=\"image_1347849045\">\n\t\t\t\t\t\t\t\t<div class=\"img-inner dark\" >\n\t\t\t<img loading=\"lazy\" decoding=\"async\" width=\"1020\" height=\"652\" src=\"https:\/\/borne.heoh.net\/fr\/wp-content\/uploads\/sites\/3\/2026\/01\/HeoH-Prix-moyenne-borne-1024x655.png\" class=\"attachment-large size-large\" alt=\"\" srcset=\"https:\/\/borne.heoh.net\/fr\/wp-content\/uploads\/sites\/3\/2026\/01\/HeoH-Prix-moyenne-borne-1024x655.png 1024w, https:\/\/borne.heoh.net\/fr\/wp-content\/uploads\/sites\/3\/2026\/01\/HeoH-Prix-moyenne-borne-300x192.png 300w, https:\/\/borne.heoh.net\/fr\/wp-content\/uploads\/sites\/3\/2026\/01\/HeoH-Prix-moyenne-borne-768x491.png 768w, https:\/\/borne.heoh.net\/fr\/wp-content\/uploads\/sites\/3\/2026\/01\/HeoH-Prix-moyenne-borne-1536x982.png 1536w, https:\/\/borne.heoh.net\/fr\/wp-content\/uploads\/sites\/3\/2026\/01\/HeoH-Prix-moyenne-borne-2048x1310.png 2048w\" sizes=\"auto, (max-width: 1020px) 100vw, 1020px\" \/>\t\t\t\t\t\t\n\t\t\t\t\t<\/div>\n\t\t\t\t\t\t\t\t\n<style>\n#image_1347849045 {\n  width: 100%;\n}\n<\/style>\n\t<\/div>\n\t\n\t\t<\/div>\n\t\t\t\t\t<\/div>\n\n\t\n\n\t<div id=\"col-1780325747\" class=\"col medium-1 small-12 large-1\"  >\n\t\t\t\t<div class=\"col-inner\"  >\n\t\t\t\n\t\t\t\n\t\t<\/div>\n\t\t\t\t\t<\/div>\n\n\t\n<\/div>\n\t<div id=\"text-1126126661\" class=\"text\">\n\t\t\n<p><span style=\"font-size: 110%; color: #4a5473;\"><strong>*sur une p\u00e9riode de 5 ans et \u00e0 la fin des 60 mensualit\u00e9s, vous pouvez devenir propri\u00e9taire du mat\u00e9riel.<\/strong><\/span><\/p>\n<p><span style=\"font-size: 110%; color: #4a5473;\"><strong>Si vous faites partie d\u2019un lieu de culte,<\/strong><\/span><span style=\"font-size: 110%; color: #4a5473;\"><strong> merci de contacter l\u2019\u00e9quipe de HeoH afin de recevoir une tarification particularis\u00e9e.\u00a0 \u00a0\u00a0<\/strong><\/span><\/p>\n\t\t\n<style>\n#text-1126126661 {\n  text-align: center;\n}\n<\/style>\n\t<\/div>\n\t\n<div class=\"row\"  id=\"row-462348696\">\n\n\t<div id=\"col-1652081721\" class=\"col medium-3 small-12 large-3\"  >\n\t\t\t\t<div class=\"col-inner\"  >\n\t\t\t\n\t\t\t\n\t\t<\/div>\n\t\t\t\t\t<\/div>\n\n\t\n\n\t<div id=\"col-1895612775\" class=\"col medium-2 small-12 large-2\"  >\n\t\t\t\t<div class=\"col-inner\"  >\n\t\t\t\n\t\t\t\n\t\t<\/div>\n\t\t\t\t\t<\/div>\n\n\t\n\n\t<div id=\"col-193292992\" class=\"col medium-4 small-12 large-4\"  >\n\t\t\t\t<div class=\"col-inner\"  >\n\t\t\t\n\t\t\t\n<a href=\"#home-form\" target=\"_self\" class=\"button secondary is-outline\"  style=\"border-radius:99px;\">\n    <span>Contacter heoh !<\/span>\n  <\/a>\n\n\t\t<\/div>\n\t\t\t\t\t<\/div>\n\n\t\n\n\t<div id=\"col-1003368330\" class=\"col medium-1 small-12 large-1\"  >\n\t\t\t\t<div class=\"col-inner\"  >\n\t\t\t\n\t\t\t\n\t\t<\/div>\n\t\t\t\t\t<\/div>\n\n\t\n\n\t<div id=\"col-1389304213\" class=\"col medium-2 small-12 large-2\"  >\n\t\t\t\t<div class=\"col-inner\"  >\n\t\t\t\n\t\t\t\n\t\t<\/div>\n\t\t\t\t\t<\/div>\n\n\t\n<\/div>\n\t\t<\/div>\n\n\t\t\n<style>\n#section_1326310266 {\n  padding-top: 30px;\n  padding-bottom: 30px;\n}\n#section_1326310266 .ux-shape-divider--top svg {\n  height: 150px;\n  --divider-top-width: 100%;\n}\n#section_1326310266 .ux-shape-divider--bottom svg {\n  height: 150px;\n  --divider-width: 100%;\n}\n<\/style>\n\t<\/section>\n\t\n","protected":false},"excerpt":{"rendered":"","protected":false},"author":7,"featured_media":0,"parent":0,"menu_order":0,"comment_status":"closed","ping_status":"closed","template":"","meta":{"footnotes":""},"class_list":["post-1650","page","type-page","status-publish","hentry"],"yoast_head":"<!-- This site is optimized with the Yoast SEO plugin v21.7 - https:\/\/yoast.com\/wordpress\/plugins\/seo\/ -->\n<title>Moyenne borne - Borne - French<\/title>\n<meta name=\"robots\" content=\"index, follow, max-snippet:-1, max-image-preview:large, max-video-preview:-1\" \/>\n<link rel=\"canonical\" href=\"https:\/\/borne.heoh.net\/fr\/moyenne-borne\/\" \/>\n<meta property=\"og:locale\" content=\"fr_FR\" \/>\n<meta property=\"og:type\" content=\"article\" \/>\n<meta property=\"og:title\" content=\"Moyenne borne - Borne - French\" \/>\n<meta property=\"og:url\" content=\"https:\/\/borne.heoh.net\/fr\/moyenne-borne\/\" \/>\n<meta property=\"og:site_name\" content=\"Borne - French\" \/>\n<meta property=\"article:modified_time\" content=\"2026-01-13T15:42:20+00:00\" \/>\n<meta name=\"twitter:card\" content=\"summary_large_image\" \/>\n<meta name=\"twitter:label1\" content=\"Dur\u00e9e de lecture estim\u00e9e\" \/>\n\t<meta name=\"twitter:data1\" content=\"2 minutes\" \/>\n<script type=\"application\/ld+json\" class=\"yoast-schema-graph\">{\"@context\":\"https:\/\/schema.org\",\"@graph\":[{\"@type\":\"WebPage\",\"@id\":\"https:\/\/borne.heoh.net\/fr\/moyenne-borne\/\",\"url\":\"https:\/\/borne.heoh.net\/fr\/moyenne-borne\/\",\"name\":\"Moyenne borne - Borne - French\",\"isPartOf\":{\"@id\":\"https:\/\/borne.heoh.net\/fr\/#website\"},\"datePublished\":\"2025-12-12T14:40:14+00:00\",\"dateModified\":\"2026-01-13T15:42:20+00:00\",\"breadcrumb\":{\"@id\":\"https:\/\/borne.heoh.net\/fr\/moyenne-borne\/#breadcrumb\"},\"inLanguage\":\"fr-FR\",\"potentialAction\":[{\"@type\":\"ReadAction\",\"target\":[\"https:\/\/borne.heoh.net\/fr\/moyenne-borne\/\"]}]},{\"@type\":\"BreadcrumbList\",\"@id\":\"https:\/\/borne.heoh.net\/fr\/moyenne-borne\/#breadcrumb\",\"itemListElement\":[{\"@type\":\"ListItem\",\"position\":1,\"name\":\"Home\",\"item\":\"https:\/\/borne.heoh.net\/fr\/\"},{\"@type\":\"ListItem\",\"position\":2,\"name\":\"Moyenne borne\"}]},{\"@type\":\"WebSite\",\"@id\":\"https:\/\/borne.heoh.net\/fr\/#website\",\"url\":\"https:\/\/borne.heoh.net\/fr\/\",\"name\":\"Borne - French\",\"description\":\"Just another Borne Sites site\",\"potentialAction\":[{\"@type\":\"SearchAction\",\"target\":{\"@type\":\"EntryPoint\",\"urlTemplate\":\"https:\/\/borne.heoh.net\/fr\/?s={search_term_string}\"},\"query-input\":\"required name=search_term_string\"}],\"inLanguage\":\"fr-FR\"}]}<\/script>\n<!-- \/ Yoast SEO plugin. -->","yoast_head_json":{"title":"Moyenne borne - Borne - French","robots":{"index":"index","follow":"follow","max-snippet":"max-snippet:-1","max-image-preview":"max-image-preview:large","max-video-preview":"max-video-preview:-1"},"canonical":"https:\/\/borne.heoh.net\/fr\/moyenne-borne\/","og_locale":"fr_FR","og_type":"article","og_title":"Moyenne borne - Borne - French","og_url":"https:\/\/borne.heoh.net\/fr\/moyenne-borne\/","og_site_name":"Borne - French","article_modified_time":"2026-01-13T15:42:20+00:00","twitter_card":"summary_large_image","twitter_misc":{"Dur\u00e9e de lecture estim\u00e9e":"2 minutes"},"schema":{"@context":"https:\/\/schema.org","@graph":[{"@type":"WebPage","@id":"https:\/\/borne.heoh.net\/fr\/moyenne-borne\/","url":"https:\/\/borne.heoh.net\/fr\/moyenne-borne\/","name":"Moyenne borne - Borne - French","isPartOf":{"@id":"https:\/\/borne.heoh.net\/fr\/#website"},"datePublished":"2025-12-12T14:40:14+00:00","dateModified":"2026-01-13T15:42:20+00:00","breadcrumb":{"@id":"https:\/\/borne.heoh.net\/fr\/moyenne-borne\/#breadcrumb"},"inLanguage":"fr-FR","potentialAction":[{"@type":"ReadAction","target":["https:\/\/borne.heoh.net\/fr\/moyenne-borne\/"]}]},{"@type":"BreadcrumbList","@id":"https:\/\/borne.heoh.net\/fr\/moyenne-borne\/#breadcrumb","itemListElement":[{"@type":"ListItem","position":1,"name":"Home","item":"https:\/\/borne.heoh.net\/fr\/"},{"@type":"ListItem","position":2,"name":"Moyenne borne"}]},{"@type":"WebSite","@id":"https:\/\/borne.heoh.net\/fr\/#website","url":"https:\/\/borne.heoh.net\/fr\/","name":"Borne - French","description":"Just another Borne Sites site","potentialAction":[{"@type":"SearchAction","target":{"@type":"EntryPoint","urlTemplate":"https:\/\/borne.heoh.net\/fr\/?s={search_term_string}"},"query-input":"required name=search_term_string"}],"inLanguage":"fr-FR"}]}},"_links":{"self":[{"href":"https:\/\/borne.heoh.net\/fr\/wp-json\/wp\/v2\/pages\/1650","targetHints":{"allow":["GET"]}}],"collection":[{"href":"https:\/\/borne.heoh.net\/fr\/wp-json\/wp\/v2\/pages"}],"about":[{"href":"https:\/\/borne.heoh.net\/fr\/wp-json\/wp\/v2\/types\/page"}],"author":[{"embeddable":true,"href":"https:\/\/borne.heoh.net\/fr\/wp-json\/wp\/v2\/users\/7"}],"replies":[{"embeddable":true,"href":"https:\/\/borne.heoh.net\/fr\/wp-json\/wp\/v2\/comments?post=1650"}],"version-history":[{"count":0,"href":"https:\/\/borne.heoh.net\/fr\/wp-json\/wp\/v2\/pages\/1650\/revisions"}],"wp:attachment":[{"href":"https:\/\/borne.heoh.net\/fr\/wp-json\/wp\/v2\/media?parent=1650"}],"curies":[{"name":"wp","href":"https:\/\/api.w.org\/{rel}","templated":true}]}}